{"id":7218,"date":"2022-08-07T10:24:55","date_gmt":"2022-08-07T08:24:55","guid":{"rendered":"https:\/\/narcotics-anonymous.de\/west\/?page_id=7218"},"modified":"2024-07-01T13:18:46","modified_gmt":"2024-07-01T11:18:46","slug":"erhalte-unseren-oa-newsletter","status":"publish","type":"page","link":"https:\/\/narcotics-anonymous.de\/west\/erhalte-unseren-oa-newsletter\/","title":{"rendered":"Erhalte unseren OA Newsletter"},"content":{"rendered":"<div id='av_section_1'  class='avia-section av-durm6a-36281063cf9f5a0614c903e5e89a7228 main_color avia-section-small avia-no-border-styling  avia-builder-el-0  el_before_av_section  avia-builder-el-first  avia-bg-style-scroll container_wrap fullsize'  ><div class='container av-section-cont-open' ><main  role=\"main\" itemprop=\"mainContentOfPage\"  class='template-page content  av-content-full alpha units'><div class='post-entry post-entry-type-page post-entry-7218'><div class='entry-content-wrapper clearfix'>\n<\/div><\/div><\/main><!-- close content main element --><\/div><\/div><div id='av_section_2'  class='avia-section av-cippxu-1a1c06f829bafa292e428dc42f334e9a main_color avia-section-small avia-no-border-styling  avia-builder-el-1  el_after_av_section  el_before_av_section  avia-bg-style-scroll container_wrap fullsize'  ><div class='container av-section-cont-open' ><div class='template-page content  av-content-full alpha units'><div class='post-entry post-entry-type-page post-entry-7218'><div class='entry-content-wrapper clearfix'>\n<div class='flex_column_table av-ap8ojm-d0fbf71b07aa4f71252787c8ab5feeb5 sc-av_one_full av-equal-height-column-flextable'>\n<style type=\"text\/css\" data-created_by=\"avia_inline_auto\" id=\"style-css-av-ap8ojm-d0fbf71b07aa4f71252787c8ab5feeb5\">\n#top .flex_column_table.av-equal-height-column-flextable.av-ap8ojm-d0fbf71b07aa4f71252787c8ab5feeb5{\nmargin-top:0px;\nmargin-bottom:0px;\n}\n.flex_column.av-ap8ojm-d0fbf71b07aa4f71252787c8ab5feeb5{\nborder-width:3px;\nborder-style:solid;\nborder-radius:0px 0px 0px 0px;\npadding:10px 10px 10px 10px;\n}\n<\/style>\n<div  class='flex_column av-ap8ojm-d0fbf71b07aa4f71252787c8ab5feeb5 av_one_full  avia-builder-el-2  avia-builder-el-no-sibling  first flex_column_table_cell av-equal-height-column av-align-top av-animated-generic left-to-right  '     ><style type=\"text\/css\" data-created_by=\"avia_inline_auto\" id=\"style-css-av-l6j1vdzk-b908dc5ea03fe80daaad8fe2caf63735\">\n#top .av-special-heading.av-l6j1vdzk-b908dc5ea03fe80daaad8fe2caf63735{\nmargin:0 0 0 0;\npadding-bottom:10px;\ncolor:#132655;\nfont-size:24px;\n}\nbody .av-special-heading.av-l6j1vdzk-b908dc5ea03fe80daaad8fe2caf63735 .av-special-heading-tag .heading-char{\nfont-size:25px;\n}\n#top #wrap_all .av-special-heading.av-l6j1vdzk-b908dc5ea03fe80daaad8fe2caf63735 .av-special-heading-tag{\nfont-size:24px;\n}\n.av-special-heading.av-l6j1vdzk-b908dc5ea03fe80daaad8fe2caf63735 .special-heading-inner-border{\nborder-color:#132655;\n}\n.av-special-heading.av-l6j1vdzk-b908dc5ea03fe80daaad8fe2caf63735 .av-subheading{\nfont-size:15px;\n}\n\n@media only screen and (min-width: 768px) and (max-width: 989px){ \n#top #wrap_all .av-special-heading.av-l6j1vdzk-b908dc5ea03fe80daaad8fe2caf63735 .av-special-heading-tag{\nfont-size:28px;\n}\n.av-special-heading.av-l6j1vdzk-b908dc5ea03fe80daaad8fe2caf63735 .av-subheading{\nfont-size:20px;\n}\n}\n\n@media only screen and (min-width: 480px) and (max-width: 767px){ \n#top #wrap_all .av-special-heading.av-l6j1vdzk-b908dc5ea03fe80daaad8fe2caf63735 .av-special-heading-tag{\nfont-size:24px;\n}\n.av-special-heading.av-l6j1vdzk-b908dc5ea03fe80daaad8fe2caf63735 .av-subheading{\nfont-size:16px;\n}\n}\n\n@media only screen and (max-width: 479px){ \n#top #wrap_all .av-special-heading.av-l6j1vdzk-b908dc5ea03fe80daaad8fe2caf63735 .av-special-heading-tag{\nfont-size:20px;\n}\n.av-special-heading.av-l6j1vdzk-b908dc5ea03fe80daaad8fe2caf63735 .av-subheading{\nfont-size:12px;\n}\n}\n<\/style>\n<div  id=\"headline_second_level\"  class='av-special-heading av-l6j1vdzk-b908dc5ea03fe80daaad8fe2caf63735 av-special-heading-h3 custom-color-heading blockquote modern-quote modern-centered  avia-builder-el-3  avia-builder-el-no-sibling  av-inherit-size'><h3 class='av-special-heading-tag '  itemprop=\"headline\"  >Erhalte unseren OA Newsletter<\/h3><div class=\"special-heading-border\"><div class=\"special-heading-inner-border\"><\/div><\/div><\/div><\/div><\/div><!--close column table wrapper. Autoclose: 1 -->\n\n<\/div><\/div><\/div><!-- close content main div --><\/div><div class='av-extra-border-element border-extra-diagonal border-extra-diagonal-inverse '><div class='av-extra-border-outer'><div class='av-extra-border-inner'><\/div><\/div><\/div><\/div><div id='av_section_3'  class='avia-section av-9roow2-29bb80d4a4265f47941f06216bc9249c main_color avia-section-small avia-no-border-styling  avia-builder-el-4  el_after_av_section  el_before_av_one_full  avia-bg-style-scroll container_wrap fullsize'  ><div class='container av-section-cont-open' ><div class='template-page content  av-content-full alpha units'><div class='post-entry post-entry-type-page post-entry-7218'><div class='entry-content-wrapper clearfix'>\n<div class='flex_column_table av-7pad4y-7316722d49ce5f0c919d762d183cc764 sc-av_one_full av-equal-height-column-flextable'>\n<style type=\"text\/css\" data-created_by=\"avia_inline_auto\" id=\"style-css-av-7pad4y-7316722d49ce5f0c919d762d183cc764\">\n#top .flex_column_table.av-equal-height-column-flextable.av-7pad4y-7316722d49ce5f0c919d762d183cc764{\nmargin-top:0px;\nmargin-bottom:0px;\n}\n.flex_column.av-7pad4y-7316722d49ce5f0c919d762d183cc764{\nborder-width:3px;\nborder-style:solid;\nborder-radius:0px 0px 0px 0px;\npadding:10px 10px 10px 10px;\n}\n<\/style>\n<div  class='flex_column av-7pad4y-7316722d49ce5f0c919d762d183cc764 av_one_full  avia-builder-el-5  avia-builder-el-no-sibling  first flex_column_table_cell av-equal-height-column av-align-top av-animated-generic left-to-right  '     ><section  class='av_textblock_section av-6d2waa-9117ea5167ac6f76413e004d4197b85d '   itemscope=\"itemscope\" itemtype=\"https:\/\/schema.org\/CreativeWork\" ><div class='avia_textblock av_inherit_color'  itemprop=\"text\" ><h4 style=\"text-align: center;\">Anmeldung bei \u00d6A Komitee Newsletter<\/h4>\n<p style=\"text-align: center;\">Hier kannst Du den \u00d6A Komitee Newsletter vom Gebiet West abonnieren und erh\u00e4ltst dann regelm\u00e4\u00dfig neueste Informationen zu Narcotics Anonymous per E-Mail.<\/p>\n<div class=\"cell medium-2 hide-for-small-only\"><script src=\"https:\/\/narcotics-anonymous.de\/swmn\/captcha\/captcha\/captcha.php\"><\/script>\n<form method=\"post\" action=\"https:\/\/narcotics-anonymous.de\/swmn\/nl.php\">\n<input type=\"hidden\" name=\"MailingListId\" value=\"31\" \/>\n<input type=\"hidden\" name=\"FormId\" value=\"1\" \/>\n<input type=\"hidden\" name=\"FormEncoding\" value=\"iso-8859-1\" \/>\n<input type=\"hidden\" name=\"Action\" value=\"subscribe\" \/>\n<br \/>\n<table cellspacing=\"0\" cellpadding=\"0\" border=\"0\" id=\"swm_anmeldung_table\">\n<tbody>\n<tr>\n<td style=\"border:0px;\">\n<label for=\"u_EMail\">\nE-Mail-Adresse<\/label>\n&nbsp;* <\/td>\n<td style=\"border:0px;\">\n<input type=\"text\" name=\"u_EMail\" size=\"50\" maxlength=\"255\" id=\"u_EMail\" \/>\n<\/td>\n<\/tr>\n\t<tr>\n<td >\n<label for=\"u_FirstName\">\nVorname<\/label>\n&nbsp;* <\/td>\n<td>\n<input type=\"text\" name=\"u_FirstName\" size=\"50\" maxlength=\"255\" id=\"u_FirstName\" \/>\n<\/td>\n<\/tr>\n\t<tr>\n<td style=\"vertical-align:top; border:0px;\">\nGeben Sie die Zeichenkette, wie im nachfolgenden Feld angezeigt, ein (Spam-Schutz)*\n<\/td>\n<td style=\"border:0px;\">\n\n<input type=\"text\" name=\"user_captcha_string\" \/>\n<img decoding=\"async\" src=\"https:\/\/narcotics-anonymous.de\/swmn\/captcha\/captcha\/image.php\" id=\"captcha_internal\" alt=\"Captcha\" \/>\n<a href=\"javascript:refreshCaptcha();\" title=\"Captcha nicht lesbar?\" style=\"text-decoration: none;font-weight: bolder;font-size: 1.2em;\">\n&#10227;<\/a>\n\n<\/td>\n<\/tr>\n<tr>\n<td style=\"border:0px;\" colspan=\"2\" >\n<span>\n<br \/>\nMit Angabe meiner Daten und Absenden der Anmeldung erkl&auml;re ich mich einverstanden, den hier bestellten Newsletter per E-Mail zu erhalten. Meine Daten werden nicht an Dritte weitergegeben. Dieses Einverst&auml;ndnis kann ich jederzeit widerrufen. Weitere ausf&uuml;hrliche Informationen in der\n<a href=\"https:\/\/narcotics-anonymous.de\/datenschutzerklaerung\/\" target=\"_blank\" >\nDatenschutzerkl&auml;rung<\/a>\n<br \/>\n<input type=\"checkbox\" name=\"PrivacyPolicyAccepted\" id=\"PrivacyPolicyAccepted\" value=\"1\" \/>\n<label for=\"PrivacyPolicyAccepted\">\n&nbsp;Ich akzeptiere die <a href=\"https:\/\/narcotics-anonymous.de\/datenschutzerklaerung\/\" target=\"_blank\" >\nDatenschutzerkl&auml;rung.<\/a>\n&nbsp;*<\/label>\n<br \/>\n<\/span>\n<\/td>\n<\/tr>\n<tr>\n<td style=\"border:0px;\" colspan=\"2\" >\n<input type=\"submit\" value=\"Absenden\" \/>\n<\/td>\n<\/tr>\n<tr>\n<td colspan=\"2\">\n&nbsp;\n<\/td>\n<\/tr>\n<tr>\n<td style=\"border:0px;\" colspan=\"2\">\nAngaben mit * sind Pflichtangaben. <\/td>\n<\/tr>\n<\/tbody>\n<\/table>\n<\/form>\n<\/div>\n<\/div><\/section><\/div><\/div><!--close column table wrapper. Autoclose: 1 --><\/div><\/div><\/div><!-- close content main div --><\/div><\/div><div id='after_section_3'  class='main_color av_default_container_wrap container_wrap fullsize'  ><div class='container av-section-cont-open' ><div class='template-page content  av-content-full alpha units'><div class='post-entry post-entry-type-page post-entry-7218'><div class='entry-content-wrapper clearfix'><div  class='flex_column av-4o0grm-3b236e038bcbd4947a5d681fc22401e5 av_one_full  avia-builder-el-7  el_after_av_section  el_before_av_one_full  avia-builder-el-first  first flex_column_div  '     ><\/div><\/p>\n<div  class='flex_column av-27svs2-b2603c210d53c2af5a904d28f63eaa0b av_one_full  avia-builder-el-8  el_after_av_one_full  avia-builder-el-last  first flex_column_div  column-top-margin'     ><\/div>\n","protected":false},"excerpt":{"rendered":"","protected":false},"author":50,"featured_media":0,"parent":0,"menu_order":0,"comment_status":"closed","ping_status":"closed","template":"","meta":{"footnotes":""},"class_list":["post-7218","page","type-page","status-publish","hentry"],"_links":{"self":[{"href":"https:\/\/narcotics-anonymous.de\/west\/wp-json\/wp\/v2\/pages\/7218","targetHints":{"allow":["GET"]}}],"collection":[{"href":"https:\/\/narcotics-anonymous.de\/west\/wp-json\/wp\/v2\/pages"}],"about":[{"href":"https:\/\/narcotics-anonymous.de\/west\/wp-json\/wp\/v2\/types\/page"}],"author":[{"embeddable":true,"href":"https:\/\/narcotics-anonymous.de\/west\/wp-json\/wp\/v2\/users\/50"}],"replies":[{"embeddable":true,"href":"https:\/\/narcotics-anonymous.de\/west\/wp-json\/wp\/v2\/comments?post=7218"}],"version-history":[{"count":5,"href":"https:\/\/narcotics-anonymous.de\/west\/wp-json\/wp\/v2\/pages\/7218\/revisions"}],"predecessor-version":[{"id":8656,"href":"https:\/\/narcotics-anonymous.de\/west\/wp-json\/wp\/v2\/pages\/7218\/revisions\/8656"}],"wp:attachment":[{"href":"https:\/\/narcotics-anonymous.de\/west\/wp-json\/wp\/v2\/media?parent=7218"}],"curies":[{"name":"wp","href":"https:\/\/api.w.org\/{rel}","templated":true}]}}