{"id":6859,"date":"2021-09-09T10:26:39","date_gmt":"2021-09-09T08:26:39","guid":{"rendered":"https:\/\/narcotics-anonymous.de\/west\/?page_id=6859"},"modified":"2021-12-03T10:19:00","modified_gmt":"2021-12-03T09:19:00","slug":"news","status":"publish","type":"page","link":"https:\/\/narcotics-anonymous.de\/west\/news\/","title":{"rendered":"News"},"content":{"rendered":"<div class='flex_column_table av-cxdavd-dfee91fba49d0b92f5b31287e1fc0cb8 sc-av_one_full av-equal-height-column-flextable'>\n<style type=\"text\/css\" data-created_by=\"avia_inline_auto\" id=\"style-css-av-cxdavd-dfee91fba49d0b92f5b31287e1fc0cb8\">\n#top .flex_column_table.av-equal-height-column-flextable.av-cxdavd-dfee91fba49d0b92f5b31287e1fc0cb8{\nmargin-top:0px;\nmargin-bottom:0px;\n}\n.flex_column.av-cxdavd-dfee91fba49d0b92f5b31287e1fc0cb8{\nborder-width:3px;\nborder-style:solid;\nborder-radius:0px 0px 0px 0px;\npadding:3px 3px 3px 3px;\n}\n<\/style>\n<div  class='flex_column av-cxdavd-dfee91fba49d0b92f5b31287e1fc0cb8 av_one_full  avia-builder-el-0  el_before_av_one_full  avia-builder-el-first  first flex_column_table_cell av-equal-height-column av-align-top av-animated-generic left-to-right  '     ><style type=\"text\/css\" data-created_by=\"avia_inline_auto\" id=\"style-css-av-kwq682iq-12ee5e42917898a6f5c053b60fa8b3fc\">\n#top .av-special-heading.av-kwq682iq-12ee5e42917898a6f5c053b60fa8b3fc{\nmargin:0 0 0 0;\npadding-bottom:10px;\nfont-size:24px;\n}\nbody .av-special-heading.av-kwq682iq-12ee5e42917898a6f5c053b60fa8b3fc .av-special-heading-tag .heading-char{\nfont-size:25px;\n}\n#top #wrap_all .av-special-heading.av-kwq682iq-12ee5e42917898a6f5c053b60fa8b3fc .av-special-heading-tag{\nfont-size:24px;\n}\n.av-special-heading.av-kwq682iq-12ee5e42917898a6f5c053b60fa8b3fc .av-subheading{\nfont-size:15px;\n}\n\n@media only screen and (min-width: 768px) and (max-width: 989px){ \n#top #wrap_all .av-special-heading.av-kwq682iq-12ee5e42917898a6f5c053b60fa8b3fc .av-special-heading-tag{\nfont-size:28px;\n}\n.av-special-heading.av-kwq682iq-12ee5e42917898a6f5c053b60fa8b3fc .av-subheading{\nfont-size:20px;\n}\n}\n\n@media only screen and (min-width: 480px) and (max-width: 767px){ \n#top #wrap_all .av-special-heading.av-kwq682iq-12ee5e42917898a6f5c053b60fa8b3fc .av-special-heading-tag{\nfont-size:24px;\n}\n.av-special-heading.av-kwq682iq-12ee5e42917898a6f5c053b60fa8b3fc .av-subheading{\nfont-size:16px;\n}\n}\n\n@media only screen and (max-width: 479px){ \n#top #wrap_all .av-special-heading.av-kwq682iq-12ee5e42917898a6f5c053b60fa8b3fc .av-special-heading-tag{\nfont-size:20px;\n}\n.av-special-heading.av-kwq682iq-12ee5e42917898a6f5c053b60fa8b3fc .av-subheading{\nfont-size:12px;\n}\n}\n<\/style>\n<div  id=\"headline_second_level\"  class='av-special-heading av-kwq682iq-12ee5e42917898a6f5c053b60fa8b3fc av-special-heading-h3 blockquote modern-quote modern-centered  avia-builder-el-1  avia-builder-el-no-sibling  av-inherit-size av-linked-heading'><h3 class='av-special-heading-tag '  itemprop=\"headline\"  ><a class=\"av-heading-link\" href=\"https:\/\/narcotics-anonymous.de\/west\/portfolio-item\/service-komitees\/\" >Neues aus Gebiet West<\/a><\/h3><div class=\"special-heading-border\"><div class=\"special-heading-inner-border\"><\/div><\/div><\/div><\/div><\/div><!--close column table wrapper. Autoclose: 1 -->\n<style type=\"text\/css\" data-created_by=\"avia_inline_auto\" id=\"style-css-av-ktcnz5uq-ac4f165122f921cf51606c0bc66bf3fb\">\n.flex_column.av-ktcnz5uq-ac4f165122f921cf51606c0bc66bf3fb{\nborder-width:3px;\nborder-style:solid;\nborder-radius:0px 0px 0px 0px;\npadding:0px 0px 0px 0px;\n}\n<\/style>\n<div  class='flex_column av-ktcnz5uq-ac4f165122f921cf51606c0bc66bf3fb av_one_full  avia-builder-el-2  el_after_av_one_full  avia-builder-el-last  first flex_column_div av-zero-column-padding  column-top-margin'     ><div  class='av-alb-blogposts template-blog  av-blog-meta-author-disabled av-blog-meta-comments-disabled av-blog-meta-category-disabled av-blog-meta-date-disabled av-blog-meta-html-info-disabled av-blog-meta-tag-disabled '  itemscope=\"itemscope\" itemtype=\"https:\/\/schema.org\/Blog\" ><article class=\"post-entry post-entry-type-standard post-entry-10195 post-loop-1 post-parity-odd bloglist-excerpt  post-10195 post type-post status-publish format-standard hentry category-news\"  itemscope=\"itemscope\" itemtype=\"https:\/\/schema.org\/BlogPosting\" ><div class=\"blog-meta\"><\/div><div class='entry-content-wrapper clearfix standard-content'><header class=\"entry-content-header\" aria-label=\"Post: Spendenaufruf Frauenconvention Erfurt 2026\"><h2 class='post-title entry-title '  itemprop=\"headline\" ><a href=\"https:\/\/narcotics-anonymous.de\/west\/spendenaufruf-frauenconvention-erfurt-2026\/\" rel=\"bookmark\" title=\"Permanenter Link zu: Spendenaufruf Frauenconvention Erfurt 2026\">Spendenaufruf Frauenconvention Erfurt 2026<span class=\"post-format-icon minor-meta\"><\/span><\/a><\/h2><\/header><span class=\"post-meta-infos\"><\/span><p>Liebe Gemeinschaft, wie ihr sicherlich wisst, steht die diesj\u00e4hrige Frauenconvention (13.\/14.6.26) bereits in den Startl\u00f6chern. Vielleicht habt ihr auch mitbekommen, dass wir dieses Mal relativ sp\u00e4t mit der Planung begonnen haben. Das macht sich nun leider bemerkbar: Die finanziellen Mittel, die wir aktuell f\u00fcr die Umsetzung ben\u00f6tigen, sind bereits zur RSK geflossen. Kurz gesagt, wir [&hellip;]<\/p>\n<div class=\"read-more-link\"><a href=\"https:\/\/narcotics-anonymous.de\/west\/spendenaufruf-frauenconvention-erfurt-2026\/\" class=\"more-link\">Weiterlesen<span class='more-link-arrow avia-svg-icon avia-font-svg_entypo-fontello' data-av_svg_icon='right-open-big' data-av_iconset='svg_entypo-fontello'><svg version=\"1.1\" xmlns=\"http:\/\/www.w3.org\/2000\/svg\" width=\"15\" height=\"32\" viewBox=\"0 0 15 32\" preserveAspectRatio=\"xMidYMid meet\" role=\"graphics-symbol\" aria-hidden=\"true\">\n<path d=\"M0.416 27.84l11.456-11.84-11.456-11.904q-0.832-0.832 0-1.536 0.832-0.832 1.536 0l12.544 12.608q0.768 0.832 0 1.6l-12.544 12.608q-0.704 0.832-1.536 0-0.832-0.704 0-1.536z\"><\/path>\n<\/svg><\/span><\/a><\/div><footer class=\"entry-footer\"><\/footer><div class='post_delimiter'><\/div><\/div><div class=\"post_author_timeline\"><\/div><span class='hidden'>\n\t\t\t\t<span class='av-structured-data'  itemprop=\"image\" itemscope=\"itemscope\" itemtype=\"https:\/\/schema.org\/ImageObject\" >\n\t\t\t\t\t\t<span itemprop='url'>\/wp-content\/uploads\/2020\/01\/header-logo-160-bg-weiss-1.png<\/span>\n\t\t\t\t\t\t<span itemprop='height'>0<\/span>\n\t\t\t\t\t\t<span itemprop='width'>0<\/span>\n\t\t\t\t<\/span>\n\t\t\t\t<span class='av-structured-data'  itemprop=\"publisher\" itemtype=\"https:\/\/schema.org\/Organization\" itemscope=\"itemscope\" >\n\t\t\t\t\t\t<span itemprop='name'>dietmarw<\/span>\n\t\t\t\t\t\t<span itemprop='logo' itemscope itemtype='https:\/\/schema.org\/ImageObject'>\n\t\t\t\t\t\t\t<span itemprop='url'>\/wp-content\/uploads\/2020\/01\/header-logo-160-bg-weiss-1.png<\/span>\n\t\t\t\t\t\t<\/span>\n\t\t\t\t<\/span><span class='av-structured-data'  itemprop=\"author\" itemscope=\"itemscope\" itemtype=\"https:\/\/schema.org\/Person\" ><span itemprop='name'>dietmarw<\/span><\/span><span class='av-structured-data'  itemprop=\"datePublished\" datetime=\"2026-04-13T15:17:07+02:00\" >2026-04-13 15:17:07<\/span><span class='av-structured-data'  itemprop=\"dateModified\" itemtype=\"https:\/\/schema.org\/dateModified\" >2026-04-13 15:18:49<\/span><span class='av-structured-data'  itemprop=\"mainEntityOfPage\" itemtype=\"https:\/\/schema.org\/mainEntityOfPage\" ><span itemprop='name'>Spendenaufruf Frauenconvention Erfurt 2026<\/span><\/span><\/span><\/article><article class=\"post-entry post-entry-type-standard post-entry-10154 post-loop-2 post-parity-even bloglist-excerpt  post-10154 post type-post status-publish format-standard hentry category-news\"  itemscope=\"itemscope\" itemtype=\"https:\/\/schema.org\/BlogPosting\" ><div class=\"blog-meta\"><\/div><div class='entry-content-wrapper clearfix standard-content'><header class=\"entry-content-header\" aria-label=\"Post: Sylvester Convention 2026 in Wuppertal\"><h2 class='post-title entry-title '  itemprop=\"headline\" ><a href=\"https:\/\/narcotics-anonymous.de\/west\/sylvester-convention-2026-in-wuppertal\/\" rel=\"bookmark\" title=\"Permanenter Link zu: Sylvester Convention 2026 in Wuppertal\">Sylvester Convention 2026 in Wuppertal<span class=\"post-format-icon minor-meta\"><\/span><\/a><\/h2><\/header><span class=\"post-meta-infos\"><\/span><p>die Wuppertaler Gemeinschaft plant dieses Jahr eine Sylvester Convention auszurichten. &nbsp; Adresse ist: Gemeindesaal Friedhofskirche Hochstrasse 15, Wuppertal Ab 18.00 Uhr<\/p>\n<div class=\"read-more-link\"><a href=\"https:\/\/narcotics-anonymous.de\/west\/sylvester-convention-2026-in-wuppertal\/\" class=\"more-link\">Weiterlesen<span class='more-link-arrow avia-svg-icon avia-font-svg_entypo-fontello' data-av_svg_icon='right-open-big' data-av_iconset='svg_entypo-fontello'><svg version=\"1.1\" xmlns=\"http:\/\/www.w3.org\/2000\/svg\" width=\"15\" height=\"32\" viewBox=\"0 0 15 32\" preserveAspectRatio=\"xMidYMid meet\" role=\"graphics-symbol\" aria-hidden=\"true\">\n<path d=\"M0.416 27.84l11.456-11.84-11.456-11.904q-0.832-0.832 0-1.536 0.832-0.832 1.536 0l12.544 12.608q0.768 0.832 0 1.6l-12.544 12.608q-0.704 0.832-1.536 0-0.832-0.704 0-1.536z\"><\/path>\n<\/svg><\/span><\/a><\/div><footer class=\"entry-footer\"><\/footer><div class='post_delimiter'><\/div><\/div><div class=\"post_author_timeline\"><\/div><span class='hidden'>\n\t\t\t\t<span class='av-structured-data'  itemprop=\"image\" itemscope=\"itemscope\" itemtype=\"https:\/\/schema.org\/ImageObject\" >\n\t\t\t\t\t\t<span itemprop='url'>\/wp-content\/uploads\/2020\/01\/header-logo-160-bg-weiss-1.png<\/span>\n\t\t\t\t\t\t<span itemprop='height'>0<\/span>\n\t\t\t\t\t\t<span itemprop='width'>0<\/span>\n\t\t\t\t<\/span>\n\t\t\t\t<span class='av-structured-data'  itemprop=\"publisher\" itemtype=\"https:\/\/schema.org\/Organization\" itemscope=\"itemscope\" >\n\t\t\t\t\t\t<span itemprop='name'>dietmarw<\/span>\n\t\t\t\t\t\t<span itemprop='logo' itemscope itemtype='https:\/\/schema.org\/ImageObject'>\n\t\t\t\t\t\t\t<span itemprop='url'>\/wp-content\/uploads\/2020\/01\/header-logo-160-bg-weiss-1.png<\/span>\n\t\t\t\t\t\t<\/span>\n\t\t\t\t<\/span><span class='av-structured-data'  itemprop=\"author\" itemscope=\"itemscope\" itemtype=\"https:\/\/schema.org\/Person\" ><span itemprop='name'>dietmarw<\/span><\/span><span class='av-structured-data'  itemprop=\"datePublished\" datetime=\"2026-03-19T01:06:39+01:00\" >2026-03-19 01:06:39<\/span><span class='av-structured-data'  itemprop=\"dateModified\" itemtype=\"https:\/\/schema.org\/dateModified\" >2026-03-19 01:06:39<\/span><span class='av-structured-data'  itemprop=\"mainEntityOfPage\" itemtype=\"https:\/\/schema.org\/mainEntityOfPage\" ><span itemprop='name'>Sylvester Convention 2026 in Wuppertal<\/span><\/span><\/span><\/article><article class=\"post-entry post-entry-type-standard post-entry-9940 post-loop-3 post-parity-odd post-entry-last bloglist-excerpt  post-9940 post type-post status-publish format-standard hentry category-news\"  itemscope=\"itemscope\" itemtype=\"https:\/\/schema.org\/BlogPosting\" ><div class=\"blog-meta\"><\/div><div class='entry-content-wrapper clearfix standard-content'><header class=\"entry-content-header\" aria-label=\"Post: 25 Jahre NA Oberhausen\"><h2 class='post-title entry-title '  itemprop=\"headline\" ><a href=\"https:\/\/narcotics-anonymous.de\/west\/25-jahre-na-oberhausen\/\" rel=\"bookmark\" title=\"Permanenter Link zu: 25 Jahre NA Oberhausen\">25 Jahre NA Oberhausen<span class=\"post-format-icon minor-meta\"><\/span><\/a><\/h2><\/header><span class=\"post-meta-infos\"><\/span><p>Im n\u00e4chsten Jahr feiert NA Oberhausen 25 j\u00e4hriges Bestehen. 25 Jahre NA Oberhausen, Samstag, 6.6.26, von 12 -20 Uhr, Caritas Altfriedhaus M\u00fclheimer Str 202 46045 Oberhausen<\/p>\n<div class=\"read-more-link\"><a href=\"https:\/\/narcotics-anonymous.de\/west\/25-jahre-na-oberhausen\/\" class=\"more-link\">Weiterlesen<span class='more-link-arrow avia-svg-icon avia-font-svg_entypo-fontello' data-av_svg_icon='right-open-big' data-av_iconset='svg_entypo-fontello'><svg version=\"1.1\" xmlns=\"http:\/\/www.w3.org\/2000\/svg\" width=\"15\" height=\"32\" viewBox=\"0 0 15 32\" preserveAspectRatio=\"xMidYMid meet\" role=\"graphics-symbol\" aria-hidden=\"true\">\n<path d=\"M0.416 27.84l11.456-11.84-11.456-11.904q-0.832-0.832 0-1.536 0.832-0.832 1.536 0l12.544 12.608q0.768 0.832 0 1.6l-12.544 12.608q-0.704 0.832-1.536 0-0.832-0.704 0-1.536z\"><\/path>\n<\/svg><\/span><\/a><\/div><footer class=\"entry-footer\"><\/footer><div class='post_delimiter'><\/div><\/div><div class=\"post_author_timeline\"><\/div><span class='hidden'>\n\t\t\t\t<span class='av-structured-data'  itemprop=\"image\" itemscope=\"itemscope\" itemtype=\"https:\/\/schema.org\/ImageObject\" >\n\t\t\t\t\t\t<span itemprop='url'>\/wp-content\/uploads\/2020\/01\/header-logo-160-bg-weiss-1.png<\/span>\n\t\t\t\t\t\t<span itemprop='height'>0<\/span>\n\t\t\t\t\t\t<span itemprop='width'>0<\/span>\n\t\t\t\t<\/span>\n\t\t\t\t<span class='av-structured-data'  itemprop=\"publisher\" itemtype=\"https:\/\/schema.org\/Organization\" itemscope=\"itemscope\" >\n\t\t\t\t\t\t<span itemprop='name'>dietmarw<\/span>\n\t\t\t\t\t\t<span itemprop='logo' itemscope itemtype='https:\/\/schema.org\/ImageObject'>\n\t\t\t\t\t\t\t<span itemprop='url'>\/wp-content\/uploads\/2020\/01\/header-logo-160-bg-weiss-1.png<\/span>\n\t\t\t\t\t\t<\/span>\n\t\t\t\t<\/span><span class='av-structured-data'  itemprop=\"author\" itemscope=\"itemscope\" itemtype=\"https:\/\/schema.org\/Person\" ><span itemprop='name'>dietmarw<\/span><\/span><span class='av-structured-data'  itemprop=\"datePublished\" datetime=\"2025-12-22T21:30:30+01:00\" >2025-12-22 21:30:30<\/span><span class='av-structured-data'  itemprop=\"dateModified\" itemtype=\"https:\/\/schema.org\/dateModified\" >2025-12-22 21:30:30<\/span><span class='av-structured-data'  itemprop=\"mainEntityOfPage\" itemtype=\"https:\/\/schema.org\/mainEntityOfPage\" ><span itemprop='name'>25 Jahre NA Oberhausen<\/span><\/span><\/span><\/article><div class='bloglist-excerpt'><nav class='pagination'><span class='pagination-meta'>Seite 1 von 27<\/span><span class='current'>1<\/span><a href='https:\/\/narcotics-anonymous.de\/west\/wp-json\/wp\/v2\/pages\/6859\/page\/2\/' class='inactive next_page' >2<\/a><a href='https:\/\/narcotics-anonymous.de\/west\/wp-json\/wp\/v2\/pages\/6859\/page\/3\/' class='inactive' >3<\/a><a href='https:\/\/narcotics-anonymous.de\/west\/wp-json\/wp\/v2\/pages\/6859\/page\/2\/'>&rsaquo;<\/a><a href='https:\/\/narcotics-anonymous.de\/west\/wp-json\/wp\/v2\/pages\/6859\/page\/27\/'>&raquo;<\/a><\/nav>\n<\/div><\/div><\/div><\/p>\n","protected":false},"excerpt":{"rendered":"","protected":false},"author":2,"featured_media":0,"parent":0,"menu_order":0,"comment_status":"closed","ping_status":"closed","template":"","meta":{"footnotes":""},"class_list":["post-6859","page","type-page","status-publish","hentry"],"_links":{"self":[{"href":"https:\/\/narcotics-anonymous.de\/west\/wp-json\/wp\/v2\/pages\/6859","targetHints":{"allow":["GET"]}}],"collection":[{"href":"https:\/\/narcotics-anonymous.de\/west\/wp-json\/wp\/v2\/pages"}],"about":[{"href":"https:\/\/narcotics-anonymous.de\/west\/wp-json\/wp\/v2\/types\/page"}],"author":[{"embeddable":true,"href":"https:\/\/narcotics-anonymous.de\/west\/wp-json\/wp\/v2\/users\/2"}],"replies":[{"embeddable":true,"href":"https:\/\/narcotics-anonymous.de\/west\/wp-json\/wp\/v2\/comments?post=6859"}],"version-history":[{"count":1,"href":"https:\/\/narcotics-anonymous.de\/west\/wp-json\/wp\/v2\/pages\/6859\/revisions"}],"predecessor-version":[{"id":8096,"href":"https:\/\/narcotics-anonymous.de\/west\/wp-json\/wp\/v2\/pages\/6859\/revisions\/8096"}],"wp:attachment":[{"href":"https:\/\/narcotics-anonymous.de\/west\/wp-json\/wp\/v2\/media?parent=6859"}],"curies":[{"name":"wp","href":"https:\/\/api.w.org\/{rel}","templated":true}]}}