{"id":7858,"date":"2025-05-17T13:16:20","date_gmt":"2025-05-17T11:16:20","guid":{"rendered":"https:\/\/narcotics-anonymous.de\/suedwest\/?page_id=7858"},"modified":"2025-05-17T13:16:20","modified_gmt":"2025-05-17T11:16:20","slug":"neues-meeting-gruenden","status":"publish","type":"page","link":"https:\/\/narcotics-anonymous.de\/suedwest\/neues-meeting-gruenden\/","title":{"rendered":"Neues Meeting gr\u00fcnden"},"content":{"rendered":"<p><strong>Liebe Mitglieder aus dem Gebiet S\u00fcdwest,<\/strong><\/p>\n<p>wir freuen uns, dass ihr ein <strong>neues Meeting<\/strong> gr\u00fcndet und w\u00fcnschen euch einen guten Start!<\/p>\n<p>Solltet ihr keine M\u00f6glichkeit haben, die Kosten f\u00fcr die erste Ausstattung mit Pr\u00e4ambeln, Schl\u00fcsselanh\u00e4ngern und Literatur aufzubringen, so k\u00f6nnt ihr euch beim Gebiet ein Starterpaket bestellen.<br \/>\nDas Starterpaket kann maximal beinhalten:<\/p>\n<p>1x Nur f\u00fcr heute<br \/>\n1x Gruppenb\u00fcchlein<br \/>\n1x Pr\u00e4ambeln<br \/>\n10x Flyer Willkommen bei NA<br \/>\n10x Flyer Neu Hinzugekommene bei NA<br \/>\n5x Wei\u00dfes B\u00fcchlein<br \/>\n1x Basic Text<\/p>\n<p>Chips:<br \/>\n10x Willkommen bei NA<br \/>\n5x 30 Tage<br \/>\n5x 60 Tage<br \/>\n5x 90 Tage<br \/>\n3x 6 Monate<br \/>\n3x 9 Monate<br \/>\n2x 1 Jahr<br \/>\n1x 18 Monate<\/p>\n<p>Wir bitten euch darum, bei eurer Bestellung Folgendes zu beachten:<br \/>\n\u2022 Gem\u00e4\u00df der <strong>7. Tradition<\/strong> (\u201eSelbsterhalt\u201c) bitten wir euch darum, die Artikel, die ihr aus eigenen Mitteln bezahlen k\u00f6nnt oder schon im Bestand habt, von der Liste zu streichen.<br \/>\n\u2022 Bitte habt Verst\u00e4ndnis daf\u00fcr, dass es aus organisatorischen Gr\u00fcnden nicht m\u00f6glich ist, Dinge auf der Liste gegen andere gew\u00fcnschte Gegenst\u00e4nde auszutauschen.<br \/>\n\u2022 Falls Artikel des Starterpakets nicht verf\u00fcgbar oder ausverkauft sind, k\u00f6nnen wir leider nur die Artikel als Starterpaket zur Verf\u00fcgung stellen, die auch auf Lager sind.<br \/>\n\u2022 Leider haben wir keinen Einfluss darauf, wie das Starterpaket verschickt wird, da der Versand nicht durch das Gebiet S\u00fcdwest, sondern \u00fcber das zentrale Literaturb\u00fcro der Region erfolgt (kein anonymisierter Versand).<\/p>\n<p>Wenn ihr ein Starterpaket f\u00fcr euer Meeting bestellen m\u00f6chtet, wendet euch bitte per Mail an den oder die Meetingslistendiener*in (<a href=\"mailto:Meetingsliste@na-suedwest.de\">Meetingsliste@na-suedwest.de<\/a>). Dort k\u00f6nnt ihr die Bestellung des Starterpakets direkt mit dem Eintrag eures Meetings in die <strong>Meetingsliste<\/strong> des Gebiets S\u00fcdwest verbinden und dann kann es auch schon losgehen!<\/p>\n","protected":false},"excerpt":{"rendered":"<p>Liebe Mitglieder aus dem Gebiet S\u00fcdwest, wir freuen uns, dass ihr ein neues Meeting gr\u00fcndet und w\u00fcnschen euch einen guten Start! Solltet ihr keine M\u00f6glichkeit haben, die Kosten f\u00fcr die erste Ausstattung mit Pr\u00e4ambeln, Schl\u00fcsselanh\u00e4ngern und Literatur aufzubringen, so k\u00f6nnt ihr euch beim Gebiet ein Starterpaket bestellen. Das Starterpaket kann maximal beinhalten: 1x Nur f\u00fcr [&hellip;]<\/p>\n","protected":false},"author":6,"featured_media":0,"parent":0,"menu_order":0,"comment_status":"closed","ping_status":"closed","template":"","meta":{"footnotes":""},"class_list":["post-7858","page","type-page","status-publish","hentry"],"_links":{"self":[{"href":"https:\/\/narcotics-anonymous.de\/suedwest\/wp-json\/wp\/v2\/pages\/7858","targetHints":{"allow":["GET"]}}],"collection":[{"href":"https:\/\/narcotics-anonymous.de\/suedwest\/wp-json\/wp\/v2\/pages"}],"about":[{"href":"https:\/\/narcotics-anonymous.de\/suedwest\/wp-json\/wp\/v2\/types\/page"}],"author":[{"embeddable":true,"href":"https:\/\/narcotics-anonymous.de\/suedwest\/wp-json\/wp\/v2\/users\/6"}],"replies":[{"embeddable":true,"href":"https:\/\/narcotics-anonymous.de\/suedwest\/wp-json\/wp\/v2\/comments?post=7858"}],"version-history":[{"count":2,"href":"https:\/\/narcotics-anonymous.de\/suedwest\/wp-json\/wp\/v2\/pages\/7858\/revisions"}],"predecessor-version":[{"id":7863,"href":"https:\/\/narcotics-anonymous.de\/suedwest\/wp-json\/wp\/v2\/pages\/7858\/revisions\/7863"}],"wp:attachment":[{"href":"https:\/\/narcotics-anonymous.de\/suedwest\/wp-json\/wp\/v2\/media?parent=7858"}],"curies":[{"name":"wp","href":"https:\/\/api.w.org\/{rel}","templated":true}]}}