{"id":5589,"date":"2020-02-19T23:25:27","date_gmt":"2020-02-19T22:25:27","guid":{"rendered":"http:\/\/multisite.narcotics-anonymous.de\/suedwest\/?page_id=5589"},"modified":"2023-09-16T20:48:52","modified_gmt":"2023-09-16T18:48:52","slug":"offene-meetings-finden","status":"publish","type":"page","link":"https:\/\/narcotics-anonymous.de\/suedwest\/offene-meetings-finden\/","title":{"rendered":"Offene Meetings finden"},"content":{"rendered":"\n<style type=\"text\/css\" data-created_by=\"avia_inline_auto\" id=\"style-css-av-301sg9-130b46688bce29ead82c718246c053cb\">\n.avia-section.av-301sg9-130b46688bce29ead82c718246c053cb{\nmargin-top:0px;\nmargin-bottom:0px;\n}\n<\/style>\n<div id='av_section_1'  class='avia-section av-301sg9-130b46688bce29ead82c718246c053cb main_color avia-section-no-padding avia-no-border-styling  avia-builder-el-0  el_before_av_one_full  avia-builder-el-first  avia-bg-style-scroll container_wrap fullsize'  ><div class='container av-section-cont-open' ><main  role=\"main\" itemprop=\"mainContentOfPage\"  class='template-page content  av-content-full alpha units'><div class='post-entry post-entry-type-page post-entry-5589'><div class='entry-content-wrapper clearfix'>\n\n<style type=\"text\/css\" data-created_by=\"avia_inline_auto\" id=\"style-css-av-kox0obew-b52ac0fd47bcede4becb2432da024504\">\n#top .av-special-heading.av-kox0obew-b52ac0fd47bcede4becb2432da024504{\nmargin:20px 0 0 0;\npadding-bottom:0;\ncolor:#dda12c;\nfont-size:54px;\n}\nbody .av-special-heading.av-kox0obew-b52ac0fd47bcede4becb2432da024504 .av-special-heading-tag .heading-char{\nfont-size:25px;\n}\n#top #wrap_all .av-special-heading.av-kox0obew-b52ac0fd47bcede4becb2432da024504 .av-special-heading-tag{\nfont-size:54px;\n}\n.av-special-heading.av-kox0obew-b52ac0fd47bcede4becb2432da024504 .special-heading-inner-border{\nborder-color:#dda12c;\n}\n.av-special-heading.av-kox0obew-b52ac0fd47bcede4becb2432da024504 .av-subheading{\nfont-size:15px;\n}\n\n@media only screen and (min-width: 480px) and (max-width: 767px){ \n#top #wrap_all .av-special-heading.av-kox0obew-b52ac0fd47bcede4becb2432da024504 .av-special-heading-tag{\nfont-size:0.8em;\n}\n}\n\n@media only screen and (max-width: 479px){ \n#top #wrap_all .av-special-heading.av-kox0obew-b52ac0fd47bcede4becb2432da024504 .av-special-heading-tag{\nfont-size:0.8em;\n}\n}\n<\/style>\n<div  class='av-special-heading av-kox0obew-b52ac0fd47bcede4becb2432da024504 av-special-heading-h3 custom-color-heading blockquote modern-quote  avia-builder-el-1  avia-builder-el-no-sibling  farbsek_1_h3_sep av-inherit-size av-linked-heading'><h3 class='av-special-heading-tag '  itemprop=\"headline\"  >Offene Meetings im Gebiet S\u00fcdwest<\/h3><div class='av_custom_color av-subheading av-subheading_below'><p>Gruppentreffen, bei denen auch Nichts\u00fcchtige willkommen sind (G\u00e4ste, Angeh\u00f6rige, Fachleute etc.), nennen sich innerhalb von NA &#8220;offene Meetings&#8221;.<\/p>\n<\/div><div class=\"special-heading-border\"><div class=\"special-heading-inner-border\"><\/div><\/div><\/div>\n<\/div><\/div><\/main><!-- close content main element --><\/div><\/div><div id='after_section_1'  class='main_color av_default_container_wrap container_wrap fullsize'  ><div class='container av-section-cont-open' ><div class='template-page content  av-content-full alpha units'><div class='post-entry post-entry-type-page post-entry-5589'><div class='entry-content-wrapper clearfix'>\n\n<style type=\"text\/css\" data-created_by=\"avia_inline_auto\" id=\"style-css-av-bkbd1-33ae8f925ec6c37044acc87f3271cbac\">\n.flex_column.av-bkbd1-33ae8f925ec6c37044acc87f3271cbac{\nborder-radius:0px 0px 0px 0px;\npadding:0px 0px 0px 0px;\n}\n<\/style>\n<div  class='flex_column av-bkbd1-33ae8f925ec6c37044acc87f3271cbac av_one_full  avia-builder-el-2  el_after_av_section  el_before_av_one_half  avia-builder-el-first  first flex_column_div av-zero-column-padding  '     ><\/div>\n<style type=\"text\/css\" data-created_by=\"avia_inline_auto\" id=\"style-css-av-96cu1-9cca4249cf99ab6c76e056db2df262bf\">\n#top .flex_column.av-96cu1-9cca4249cf99ab6c76e056db2df262bf{\nmargin-top:10px;\nmargin-bottom:0px;\n}\n.flex_column.av-96cu1-9cca4249cf99ab6c76e056db2df262bf{\nborder-radius:0px 0px 0px 0px;\npadding:0px 0px 0px 0px;\n}\n.responsive #top #wrap_all .flex_column.av-96cu1-9cca4249cf99ab6c76e056db2df262bf{\nmargin-top:10px;\nmargin-bottom:0px;\n}\n<\/style>\n<div  class='flex_column av-96cu1-9cca4249cf99ab6c76e056db2df262bf av_one_half  avia-builder-el-4  el_after_av_one_full  el_before_av_one_half  first flex_column_div av-zero-column-padding  column-top-margin'     ><\/div><\/p>\n\n<style type=\"text\/css\" data-created_by=\"avia_inline_auto\" id=\"style-css-av-g1go1-2684dfdefb2e1fd366cadc0a640ed579\">\n#top .flex_column.av-g1go1-2684dfdefb2e1fd366cadc0a640ed579{\nmargin-top:10px;\nmargin-bottom:0px;\n}\n.flex_column.av-g1go1-2684dfdefb2e1fd366cadc0a640ed579{\nborder-radius:0px 0px 0px 0px;\npadding:0px 0px 0px 0px;\n}\n.responsive #top #wrap_all .flex_column.av-g1go1-2684dfdefb2e1fd366cadc0a640ed579{\nmargin-top:10px;\nmargin-bottom:0px;\n}\n<\/style>\n<div  class='flex_column av-g1go1-2684dfdefb2e1fd366cadc0a640ed579 av_one_half  avia-builder-el-5  el_after_av_one_half  avia-builder-el-last  flex_column_div av-zero-column-padding  column-top-margin'     ><div  class='avia-button-wrap av-jyhgbj34-6c2cdcefda2383c1dc637b987e18bf1b-wrap avia-button-right  avia-builder-el-6  avia-builder-el-no-sibling '>\n<style type=\"text\/css\" data-created_by=\"avia_inline_auto\" id=\"style-css-av-jyhgbj34-6c2cdcefda2383c1dc637b987e18bf1b\">\n#top #wrap_all .avia-button.av-jyhgbj34-6c2cdcefda2383c1dc637b987e18bf1b{\nbackground-color:#dda12c;\nborder-color:#dda12c;\ncolor:#294272;\ntransition:all 0.4s ease-in-out;\n}\n#top #wrap_all .avia-button.av-jyhgbj34-6c2cdcefda2383c1dc637b987e18bf1b .avia-svg-icon svg:first-child{\nfill:#294272;\nstroke:#294272;\n}\n<\/style>\n<a href='\/suedwest?current-meeting-list=2'  class='avia-button av-jyhgbj34-6c2cdcefda2383c1dc637b987e18bf1b av-link-btn avia-icon_select-yes-left-icon avia-size-large avia-position-right'  target=\"_blank\"  rel=\"noopener noreferrer\"  aria-label=\"Meetingsliste als PDF (DIN A5 Heft doppelseitig ausdrucken)\"><span class='avia_button_icon avia_button_icon_left avia-iconfont avia-font-entypo-fontello' data-av_icon='\ue82d' data-av_iconfont='entypo-fontello' ><\/span><span class='avia_iconbox_title' >Meetingsliste als PDF (DIN A5 Heft doppelseitig ausdrucken)<\/span><\/a><\/div><\/div>\n","protected":false},"excerpt":{"rendered":"","protected":false},"author":4,"featured_media":0,"parent":0,"menu_order":0,"comment_status":"closed","ping_status":"closed","template":"","meta":{"footnotes":""},"class_list":["post-5589","page","type-page","status-publish","hentry"],"_links":{"self":[{"href":"https:\/\/narcotics-anonymous.de\/suedwest\/wp-json\/wp\/v2\/pages\/5589","targetHints":{"allow":["GET"]}}],"collection":[{"href":"https:\/\/narcotics-anonymous.de\/suedwest\/wp-json\/wp\/v2\/pages"}],"about":[{"href":"https:\/\/narcotics-anonymous.de\/suedwest\/wp-json\/wp\/v2\/types\/page"}],"author":[{"embeddable":true,"href":"https:\/\/narcotics-anonymous.de\/suedwest\/wp-json\/wp\/v2\/users\/4"}],"replies":[{"embeddable":true,"href":"https:\/\/narcotics-anonymous.de\/suedwest\/wp-json\/wp\/v2\/comments?post=5589"}],"version-history":[{"count":2,"href":"https:\/\/narcotics-anonymous.de\/suedwest\/wp-json\/wp\/v2\/pages\/5589\/revisions"}],"predecessor-version":[{"id":7846,"href":"https:\/\/narcotics-anonymous.de\/suedwest\/wp-json\/wp\/v2\/pages\/5589\/revisions\/7846"}],"wp:attachment":[{"href":"https:\/\/narcotics-anonymous.de\/suedwest\/wp-json\/wp\/v2\/media?parent=5589"}],"curies":[{"name":"wp","href":"https:\/\/api.w.org\/{rel}","templated":true}]}}