{"id":3621,"date":"2020-01-26T18:16:28","date_gmt":"2020-01-26T17:16:28","guid":{"rendered":"http:\/\/multisite.narcotics-anonymous.de\/suedwest\/?page_id=3621"},"modified":"2023-11-27T23:20:24","modified_gmt":"2023-11-27T22:20:24","slug":"meetings","status":"publish","type":"page","link":"https:\/\/narcotics-anonymous.de\/suedwest\/meetings\/","title":{"rendered":"Meetings im Gebiet S\u00fcdwest"},"content":{"rendered":"\n<style type=\"text\/css\" data-created_by=\"avia_inline_auto\" id=\"style-css-av-5axks5-db5f340ad3fa08c81b7d45a2e4b819a7\">\n#top .flex_column.av-5axks5-db5f340ad3fa08c81b7d45a2e4b819a7{\nmargin-top:0px;\nmargin-bottom:0px;\n}\n.flex_column.av-5axks5-db5f340ad3fa08c81b7d45a2e4b819a7{\nborder-radius:0px 0px 0px 0px;\npadding:0px 0px 0px 0px;\n}\n.responsive #top #wrap_all .flex_column.av-5axks5-db5f340ad3fa08c81b7d45a2e4b819a7{\nmargin-top:0px;\nmargin-bottom:0px;\n}\n\n@media only screen and (min-width: 990px){ \n#top .flex_column.av-5axks5-db5f340ad3fa08c81b7d45a2e4b819a7{\nmargin-top:0;\nmargin-bottom:0;\n}\n.flex_column.av-5axks5-db5f340ad3fa08c81b7d45a2e4b819a7{\npadding:0 0 0 0;\n}\n.responsive #top #wrap_all .flex_column.av-5axks5-db5f340ad3fa08c81b7d45a2e4b819a7{\nmargin-top:0;\nmargin-bottom:0;\n}\n}\n\n@media only screen and (min-width: 768px) and (max-width: 989px){ \n#top .flex_column.av-5axks5-db5f340ad3fa08c81b7d45a2e4b819a7{\nmargin-top:0;\nmargin-bottom:20px;\n}\n.flex_column.av-5axks5-db5f340ad3fa08c81b7d45a2e4b819a7{\npadding:0 0 0 0;\n}\n.responsive #top #wrap_all .flex_column.av-5axks5-db5f340ad3fa08c81b7d45a2e4b819a7{\nmargin-top:0;\nmargin-bottom:20px;\n}\n}\n\n@media only screen and (min-width: 480px) and (max-width: 767px){ \n#top .flex_column.av-5axks5-db5f340ad3fa08c81b7d45a2e4b819a7{\nmargin-top:-20px;\nmargin-bottom:20px;\n}\n.flex_column.av-5axks5-db5f340ad3fa08c81b7d45a2e4b819a7{\npadding:0 0 0 0;\n}\n.responsive #top #wrap_all .flex_column.av-5axks5-db5f340ad3fa08c81b7d45a2e4b819a7{\nmargin-top:-20px;\nmargin-bottom:20px;\n}\n}\n\n@media only screen and (max-width: 479px){ \n#top .flex_column.av-5axks5-db5f340ad3fa08c81b7d45a2e4b819a7{\nmargin-top:-20px;\nmargin-bottom:20px;\n}\n.flex_column.av-5axks5-db5f340ad3fa08c81b7d45a2e4b819a7{\npadding:0 0 0 0;\n}\n.responsive #top #wrap_all .flex_column.av-5axks5-db5f340ad3fa08c81b7d45a2e4b819a7{\nmargin-top:-20px;\nmargin-bottom:20px;\n}\n}\n<\/style>\n<div  class='flex_column av-5axks5-db5f340ad3fa08c81b7d45a2e4b819a7 av_four_fifth  avia-builder-el-0  el_before_av_one_fifth  avia-builder-el-first  first flex_column_div av-zero-column-padding  '     ><style type=\"text\/css\" data-created_by=\"avia_inline_auto\" id=\"style-css-av-37lllx-b6ae43845b7cc6b551ff8d488cbbd001\">\n#top .av-special-heading.av-37lllx-b6ae43845b7cc6b551ff8d488cbbd001{\nmargin:20px 0 0 0;\npadding-bottom:0;\ncolor:#425a8a;\nfont-size:48px;\n}\nbody .av-special-heading.av-37lllx-b6ae43845b7cc6b551ff8d488cbbd001 .av-special-heading-tag .heading-char{\nfont-size:25px;\n}\n#top #wrap_all .av-special-heading.av-37lllx-b6ae43845b7cc6b551ff8d488cbbd001 .av-special-heading-tag{\nfont-size:48px;\npadding:0 0 0 0;\n}\n.av-special-heading.av-37lllx-b6ae43845b7cc6b551ff8d488cbbd001 .special-heading-inner-border{\nborder-color:#425a8a;\n}\n.av-special-heading.av-37lllx-b6ae43845b7cc6b551ff8d488cbbd001 .av-subheading{\nfont-size:10px;\n}\n\n@media only screen and (min-width: 480px) and (max-width: 767px){ \n#top .av-special-heading.av-37lllx-b6ae43845b7cc6b551ff8d488cbbd001{\nmargin:0 0 0 0;\n}\n#top #wrap_all .av-special-heading.av-37lllx-b6ae43845b7cc6b551ff8d488cbbd001 .av-special-heading-tag{\nfont-size:17px;\npadding:0 0 0 0;\n}\n}\n\n@media only screen and (max-width: 479px){ \n#top .av-special-heading.av-37lllx-b6ae43845b7cc6b551ff8d488cbbd001{\nmargin:0 0 0 0;\n}\n#top #wrap_all .av-special-heading.av-37lllx-b6ae43845b7cc6b551ff8d488cbbd001 .av-special-heading-tag{\nfont-size:17px;\npadding:0 0 0 0;\n}\n}\n\n@media only screen and (min-width: 990px){ \n#top .av-special-heading.av-37lllx-b6ae43845b7cc6b551ff8d488cbbd001{\nmargin:0 0 0 0;\n}\n#top #wrap_all .av-special-heading.av-37lllx-b6ae43845b7cc6b551ff8d488cbbd001 .av-special-heading-tag{\npadding:0 0 0 0;\n}\n}\n\n@media only screen and (min-width: 768px) and (max-width: 989px){ \n#top .av-special-heading.av-37lllx-b6ae43845b7cc6b551ff8d488cbbd001{\nmargin:0 0 0 0;\n}\n#top #wrap_all .av-special-heading.av-37lllx-b6ae43845b7cc6b551ff8d488cbbd001 .av-special-heading-tag{\npadding:0 0 0 0;\n}\n}\n<\/style>\n<div  class='av-special-heading av-37lllx-b6ae43845b7cc6b551ff8d488cbbd001 av-special-heading-h1 custom-color-heading blockquote modern-quote  avia-builder-el-1  avia-builder-el-no-sibling  farbsek_1_h3_sep av-inherit-size av-linked-heading'><h1 class='av-special-heading-tag '  itemprop=\"headline\"  >Meetings im Gebiet S\u00fcdwest<\/h1><div class=\"special-heading-border\"><div class=\"special-heading-inner-border\"><\/div><\/div><\/div><\/div>\n\n<style type=\"text\/css\" data-created_by=\"avia_inline_auto\" id=\"style-css-av-2zcqvp-7ffbfefb2cab819654ad39724deaa406\">\n#top .flex_column.av-2zcqvp-7ffbfefb2cab819654ad39724deaa406{\nmargin-top:0px;\nmargin-bottom:0px;\n}\n.flex_column.av-2zcqvp-7ffbfefb2cab819654ad39724deaa406{\nborder-radius:0px 0px 0px 0px;\npadding:0px 0px 0px 0px;\n}\n.responsive #top #wrap_all .flex_column.av-2zcqvp-7ffbfefb2cab819654ad39724deaa406{\nmargin-top:0px;\nmargin-bottom:0px;\n}\n\n@media only screen and (min-width: 990px){ \n#top .flex_column.av-2zcqvp-7ffbfefb2cab819654ad39724deaa406{\nmargin-top:0;\nmargin-bottom:0;\n}\n.responsive #top #wrap_all .flex_column.av-2zcqvp-7ffbfefb2cab819654ad39724deaa406{\nmargin-top:0;\nmargin-bottom:0;\n}\n}\n\n@media only screen and (min-width: 768px) and (max-width: 989px){ \n#top .flex_column.av-2zcqvp-7ffbfefb2cab819654ad39724deaa406{\nmargin-top:0;\nmargin-bottom:20px;\n}\n.responsive #top #wrap_all .flex_column.av-2zcqvp-7ffbfefb2cab819654ad39724deaa406{\nmargin-top:0;\nmargin-bottom:20px;\n}\n}\n\n@media only screen and (min-width: 480px) and (max-width: 767px){ \n#top .flex_column.av-2zcqvp-7ffbfefb2cab819654ad39724deaa406{\nmargin-top:-20px;\nmargin-bottom:20px;\n}\n.responsive #top #wrap_all .flex_column.av-2zcqvp-7ffbfefb2cab819654ad39724deaa406{\nmargin-top:-20px;\nmargin-bottom:20px;\n}\n}\n\n@media only screen and (max-width: 479px){ \n#top .flex_column.av-2zcqvp-7ffbfefb2cab819654ad39724deaa406{\nmargin-top:-20px;\nmargin-bottom:20px;\n}\n.responsive #top #wrap_all .flex_column.av-2zcqvp-7ffbfefb2cab819654ad39724deaa406{\nmargin-top:-20px;\nmargin-bottom:20px;\n}\n}\n<\/style>\n<div  class='flex_column av-2zcqvp-7ffbfefb2cab819654ad39724deaa406 av_one_fifth  avia-builder-el-2  el_after_av_four_fifth  el_before_av_one_full  flex_column_div av-hide-on-mobile av-zero-column-padding  '     ><div  class='avia-button-wrap av-kke7uf84-be486c5ef51461cea7b6a3bbb671e913-wrap avia-button-center  avia-builder-el-3  avia-builder-el-no-sibling '><a href='https:\/\/narcotics-anonymous.de\/suedwest\/onlinemeetings\/'  class='avia-button av-kke7uf84-be486c5ef51461cea7b6a3bbb671e913 av-link-btn avia-icon_select-yes-left-icon avia-size-small avia-position-center avia-color-theme-color'   aria-label=\"Zu den reinen Onlinemeetings\"><span class='avia_button_icon avia_button_icon_left avia-iconfont avia-font-entypo-fontello' data-av_icon='\ue803' data-av_iconfont='entypo-fontello' ><\/span><span class='avia_iconbox_title' >Zu den reinen Onlinemeetings<\/span><\/a><\/div><\/div>\n\n<style type=\"text\/css\" data-created_by=\"avia_inline_auto\" id=\"style-css-av-2zcqvp-3-7d2b5862000501bfdf06d7e206b518c2\">\n#top .flex_column.av-2zcqvp-3-7d2b5862000501bfdf06d7e206b518c2{\nmargin-top:20px;\nmargin-bottom:20px;\n}\n.flex_column.av-2zcqvp-3-7d2b5862000501bfdf06d7e206b518c2{\nborder-radius:0px 0px 0px 0px;\npadding:0px 0px 0px 0px;\n}\n.responsive #top #wrap_all .flex_column.av-2zcqvp-3-7d2b5862000501bfdf06d7e206b518c2{\nmargin-top:20px;\nmargin-bottom:20px;\n}\n\n@media only screen and (min-width: 990px){ \n#top .flex_column.av-2zcqvp-3-7d2b5862000501bfdf06d7e206b518c2{\nmargin-top:0;\nmargin-bottom:20px;\n}\n.responsive #top #wrap_all .flex_column.av-2zcqvp-3-7d2b5862000501bfdf06d7e206b518c2{\nmargin-top:0;\nmargin-bottom:20px;\n}\n}\n\n@media only screen and (min-width: 768px) and (max-width: 989px){ \n#top .flex_column.av-2zcqvp-3-7d2b5862000501bfdf06d7e206b518c2{\nmargin-top:0;\nmargin-bottom:20px;\n}\n.responsive #top #wrap_all .flex_column.av-2zcqvp-3-7d2b5862000501bfdf06d7e206b518c2{\nmargin-top:0;\nmargin-bottom:20px;\n}\n}\n\n@media only screen and (min-width: 480px) and (max-width: 767px){ \n#top .flex_column.av-2zcqvp-3-7d2b5862000501bfdf06d7e206b518c2{\nmargin-top:0;\nmargin-bottom:20px;\n}\n.flex_column.av-2zcqvp-3-7d2b5862000501bfdf06d7e206b518c2{\npadding:0 0 0 0;\n}\n.responsive #top #wrap_all .flex_column.av-2zcqvp-3-7d2b5862000501bfdf06d7e206b518c2{\nmargin-top:0;\nmargin-bottom:20px;\n}\n}\n\n@media only screen and (max-width: 479px){ \n#top .flex_column.av-2zcqvp-3-7d2b5862000501bfdf06d7e206b518c2{\nmargin-top:0;\nmargin-bottom:20px;\n}\n.responsive #top #wrap_all .flex_column.av-2zcqvp-3-7d2b5862000501bfdf06d7e206b518c2{\nmargin-top:0;\nmargin-bottom:20px;\n}\n}\n<\/style>\n<div  class='flex_column av-2zcqvp-3-7d2b5862000501bfdf06d7e206b518c2 av_one_full  avia-builder-el-4  el_after_av_one_fifth  el_before_av_two_third  first flex_column_div av-zero-column-padding  column-top-margin'     ><\/div><div class='flex_column_table av-cxdavd-7cd6780162c0774838daaeb48de09f03 sc-av_two_third av-equal-height-column-flextable'>\n<style type=\"text\/css\" data-created_by=\"avia_inline_auto\" id=\"style-css-av-cxdavd-7cd6780162c0774838daaeb48de09f03\">\n#top .flex_column_table.av-equal-height-column-flextable.av-cxdavd-7cd6780162c0774838daaeb48de09f03{\nmargin-top:0px;\nmargin-bottom:0px;\n}\n.flex_column.av-cxdavd-7cd6780162c0774838daaeb48de09f03{\nborder-width:3px;\nborder-color:#094978;\nborder-style:solid;\nborder-radius:0px 0px 0px 0px;\npadding:10px 10px 10px 10px;\nbackground-color:#ffffff;\n}\n<\/style>\n<div  class='flex_column av-cxdavd-7cd6780162c0774838daaeb48de09f03 av_two_third  avia-builder-el-6  el_after_av_one_full  el_before_av_one_third  first flex_column_table_cell av-equal-height-column av-align-top av-animated-generic left-to-right  column-top-margin'     ><p>\n<style type=\"text\/css\" data-created_by=\"avia_inline_auto\" id=\"style-css-av-kou9fcpn-ad8ef2dfd6058ad98b84977d3f36cf46\">\n#top .av-special-heading.av-kou9fcpn-ad8ef2dfd6058ad98b84977d3f36cf46{\npadding-bottom:10px;\n}\nbody .av-special-heading.av-kou9fcpn-ad8ef2dfd6058ad98b84977d3f36cf46 .av-special-heading-tag .heading-char{\nfont-size:25px;\n}\n.av-special-heading.av-kou9fcpn-ad8ef2dfd6058ad98b84977d3f36cf46 .av-subheading{\nfont-size:15px;\n}\n<\/style>\n<div  class='av-special-heading av-kou9fcpn-ad8ef2dfd6058ad98b84977d3f36cf46 av-special-heading-h4 blockquote modern-quote  avia-builder-el-7  el_before_av_textblock  avia-builder-el-first  av-linked-heading'><h4 class='av-special-heading-tag '  itemprop=\"headline\"  >Wie finden Meetings statt?<\/h4><div class=\"special-heading-border\"><div class=\"special-heading-inner-border\"><\/div><\/div><\/div><br \/>\n<section  class='av_textblock_section av-koshzeve-b93119d7a001762e523c23ca7eaf5a16 '   itemscope=\"itemscope\" itemtype=\"https:\/\/schema.org\/CreativeWork\" ><div class='avia_textblock'  itemprop=\"text\" ><p>Meetings (Gruppentreffen) finden in der Regel <strong>in Pr\u00e4senz (face to face)<\/strong> statt.<\/p>\n<p>Es gibt aber auch eine Anzahl <strong>Online- oder Telefonmeetings<\/strong>. Einwahl-Daten aktueller Zoom-Meetings (und Telefon-Meetings) finden sich in der Liste. <strong><br \/>\n<\/strong><\/p>\n<p><strong>Online<\/strong>: Zoom hat nichts mit NA zu tun, aber wir nutzen die Software.<br \/>\nDazu brauchst du:\u00a0<a href=\"https:\/\/zoom.us\/\" target=\"_blank\" rel=\"noopener noreferrer\">Zoom zum Download<\/a><br \/>\nNach dem Download brauchst du nur die Links unten anzuklicken.<\/p>\n<p><strong>Telefon<\/strong>: <strong>(Heidelberger) Telefonmeeting:<br \/>\n<\/strong><a href=\"http:\/\/www.na-telefonmeeting.de\/\" target=\"_blank\" rel=\"noopener noreferrer\">www.na-telefonmeeting.de<\/a><\/p>\n<p>Weitere Info zu Meetings in anderen Gebieten sowie zu weiteren Online- und Telefonmeetings gibt es <a href=\"https:\/\/narcotics-anonymous.de\/meetings\/\">hier<\/a><\/p>\n<\/div><\/section><\/p><\/div><\/p>\n<div class='av-flex-placeholder'><\/div>\n<style type=\"text\/css\" data-created_by=\"avia_inline_auto\" id=\"style-css-av-2zcqvp-4-a2b97ed6a7529c82ec84e3c5f77a0fa8\">\n#top .flex_column_table.av-equal-height-column-flextable.av-2zcqvp-4-a2b97ed6a7529c82ec84e3c5f77a0fa8{\nmargin-top:0px;\nmargin-bottom:0px;\n}\n.flex_column.av-2zcqvp-4-a2b97ed6a7529c82ec84e3c5f77a0fa8{\nborder-radius:0 0 0 0;\npadding:50px 50px 50px 50px;\nbackground-color:#094978;\n}\n<\/style>\n<div  class='flex_column av-2zcqvp-4-a2b97ed6a7529c82ec84e3c5f77a0fa8 av_one_third  avia-builder-el-9  el_after_av_two_third  el_before_av_one_third  flex_column_table_cell av-equal-height-column av-align-top avia-link-column av-column-link avia-link-column-hover  column-top-margin'    data-link-column-url=\"https:\/\/narcotics-anonymous.de\/suedwest\/offene-meetings-finden\/\"   ><a class=\"av-screen-reader-only\" href=https:\/\/narcotics-anonymous.de\/suedwest\/offene-meetings-finden\/ >Link zu: Offene Meetings finden<\/a><p>\n<style type=\"text\/css\" data-created_by=\"avia_inline_auto\" id=\"style-css-av-kou8e68h-5952c35dea469400dfb9c2b1b3f82d92\">\n#top .av-special-heading.av-kou8e68h-5952c35dea469400dfb9c2b1b3f82d92{\nmargin:20px 0 0 0;\npadding-bottom:0;\ncolor:#ffffff;\n}\nbody .av-special-heading.av-kou8e68h-5952c35dea469400dfb9c2b1b3f82d92 .av-special-heading-tag .heading-char{\nfont-size:25px;\n}\n.av-special-heading.av-kou8e68h-5952c35dea469400dfb9c2b1b3f82d92 .special-heading-inner-border{\nborder-color:#ffffff;\n}\n.av-special-heading.av-kou8e68h-5952c35dea469400dfb9c2b1b3f82d92 .av-subheading{\nfont-size:10px;\n}\n<\/style>\n<div  class='av-special-heading av-kou8e68h-5952c35dea469400dfb9c2b1b3f82d92 av-special-heading-h4 custom-color-heading blockquote modern-quote modern-centered  avia-builder-el-10  el_before_av_textblock  avia-builder-el-first  farbsek_1_h3_sep av-linked-heading'><h4 class='av-special-heading-tag '  itemprop=\"headline\"  >Meetings f\u00fcr <span class='special_amp'>&#8220;<\/span>G\u00e4ste<span class='special_amp'>&#8221;<\/span><\/h4><div class=\"special-heading-border\"><div class=\"special-heading-inner-border\"><\/div><\/div><\/div><br \/>\n\n<style type=\"text\/css\" data-created_by=\"avia_inline_auto\" id=\"style-css-av-kou7umyc-ed102baa1e43cf2dea95213ca8dcd68a\">\n#top .av_textblock_section.av-kou7umyc-ed102baa1e43cf2dea95213ca8dcd68a .avia_textblock{\ncolor:#ffffff;\n}\n<\/style>\n<section  class='av_textblock_section av-kou7umyc-ed102baa1e43cf2dea95213ca8dcd68a '   itemscope=\"itemscope\" itemtype=\"https:\/\/schema.org\/CreativeWork\" ><div class='avia_textblock av_inherit_color'  itemprop=\"text\" ><p style=\"text-align: center;\">Termine f\u00fcr Gruppentreffen (Meetings) im Gebiet S\u00fcdwest, bei denen auch Nichts\u00fcchtige (G\u00e4ste, Angeh\u00f6rige, Fachleute etc.) willkommen sind<\/p>\n<p style=\"text-align: center;\">(in der Regel monatlich)<\/p>\n<\/div><\/section><\/p><\/div><\/div><!--close column table wrapper. Autoclose: 1 -->\n\n<style type=\"text\/css\" data-created_by=\"avia_inline_auto\" id=\"style-css-av-lkr4yki5-8aa972b0ac093682440e4691154f88e0\">\n.flex_column.av-lkr4yki5-8aa972b0ac093682440e4691154f88e0{\nborder-radius:0px 0px 0px 0px;\npadding:0px 0px 0px 0px;\n}\n<\/style>\n<div  class='flex_column av-lkr4yki5-8aa972b0ac093682440e4691154f88e0 av_one_third  avia-builder-el-12  el_after_av_one_third  el_before_av_one_third  first flex_column_div av-zero-column-padding  column-top-margin'     ><div  class='avia-button-wrap av-1tq49h-0eceb9714e10f2d6175d78523a68f7e1-wrap avia-button-center  avia-builder-el-13  avia-builder-el-no-sibling '><a href=\"https:\/\/narcotics-anonymous.de\/suedwest\/onlinemeetings\/\" class=\"avia-button av-1tq49h-0eceb9714e10f2d6175d78523a68f7e1 av-link-btn avia-icon_select-yes-left-icon avia-size-large avia-position-center avia-color-theme-color\" aria-label=\"Zu den reinen Onlinemeetings\"><span class='avia_button_icon avia_button_icon_left avia-iconfont avia-font-entypo-fontello' data-av_icon='\ue803' data-av_iconfont='entypo-fontello' ><\/span><span class='avia_iconbox_title' >Zu den reinen Onlinemeetings<\/span><\/a><\/div><\/div>\n\n<style type=\"text\/css\" data-created_by=\"avia_inline_auto\" id=\"style-css-av-g1go1-21f98eeb27c79d048b1175d33abcedff\">\n.flex_column.av-g1go1-21f98eeb27c79d048b1175d33abcedff{\nborder-radius:0px 0px 0px 0px;\npadding:0px 0px 0px 0px;\n}\n<\/style>\n<div  class='flex_column av-g1go1-21f98eeb27c79d048b1175d33abcedff av_one_third  avia-builder-el-14  el_after_av_one_third  el_before_av_one_third  flex_column_div av-zero-column-padding  column-top-margin'     ><div  class='avia-button-wrap av-jyhgbj34-e0f12f7efb55cd43f74337f87d51847b-wrap avia-button-center  avia-builder-el-15  avia-builder-el-no-sibling '><a href=\"http:\/\/multisite.narcotics-anonymous.de\/suedwest?current-meeting-list=1\" class=\"avia-button av-jyhgbj34-e0f12f7efb55cd43f74337f87d51847b av-link-btn avia-icon_select-yes-left-icon avia-size-large avia-position-center avia-color-theme-color\" target=\"_blank\" rel=\"noopener noreferrer\" aria-label=\"Meetingsliste als PDF\"><span class='avia_button_icon avia_button_icon_left avia-iconfont avia-font-entypo-fontello' data-av_icon='\ue82d' data-av_iconfont='entypo-fontello' ><\/span><span class='avia_iconbox_title' >Meetingsliste als PDF<\/span><\/a><\/div><\/div>\n\n<style type=\"text\/css\" data-created_by=\"avia_inline_auto\" id=\"style-css-av-g1go1-2-c7125f14fec985388b58873db349d2ad\">\n.flex_column.av-g1go1-2-c7125f14fec985388b58873db349d2ad{\nborder-radius:0px 0px 0px 0px;\npadding:0px 0px 0px 0px;\n}\n<\/style>\n<div  class='flex_column av-g1go1-2-c7125f14fec985388b58873db349d2ad av_one_third  avia-builder-el-16  el_after_av_one_third  avia-builder-el-last  flex_column_div av-zero-column-padding  column-top-margin'     ><div  class='avia-button-wrap av-jyhgbj34-1-bdd8d27d379d4ee1e325901d00f502d8-wrap avia-button-center  avia-builder-el-17  avia-builder-el-no-sibling '><a href=\"http:\/\/multisite.narcotics-anonymous.de\/suedwest?current-meeting-list=2\" class=\"avia-button av-jyhgbj34-1-bdd8d27d379d4ee1e325901d00f502d8 av-link-btn avia-icon_select-yes-left-icon avia-size-large avia-position-center avia-color-theme-color\" target=\"_blank\" rel=\"noopener noreferrer\" aria-label=\"Meetingsliste als PDF mit Onlinemeetings\"><span class='avia_button_icon avia_button_icon_left avia-iconfont avia-font-entypo-fontello' data-av_icon='\ue82d' data-av_iconfont='entypo-fontello' ><\/span><span class='avia_iconbox_title' >Meetingsliste als PDF mit Onlinemeetings<\/span><\/a><\/div><\/div>\n","protected":false},"excerpt":{"rendered":"","protected":false},"author":4,"featured_media":0,"parent":0,"menu_order":0,"comment_status":"closed","ping_status":"closed","template":"","meta":{"footnotes":""},"class_list":["post-3621","page","type-page","status-publish","hentry"],"_links":{"self":[{"href":"https:\/\/narcotics-anonymous.de\/suedwest\/wp-json\/wp\/v2\/pages\/3621","targetHints":{"allow":["GET"]}}],"collection":[{"href":"https:\/\/narcotics-anonymous.de\/suedwest\/wp-json\/wp\/v2\/pages"}],"about":[{"href":"https:\/\/narcotics-anonymous.de\/suedwest\/wp-json\/wp\/v2\/types\/page"}],"author":[{"embeddable":true,"href":"https:\/\/narcotics-anonymous.de\/suedwest\/wp-json\/wp\/v2\/users\/4"}],"replies":[{"embeddable":true,"href":"https:\/\/narcotics-anonymous.de\/suedwest\/wp-json\/wp\/v2\/comments?post=3621"}],"version-history":[{"count":15,"href":"https:\/\/narcotics-anonymous.de\/suedwest\/wp-json\/wp\/v2\/pages\/3621\/revisions"}],"predecessor-version":[{"id":7779,"href":"https:\/\/narcotics-anonymous.de\/suedwest\/wp-json\/wp\/v2\/pages\/3621\/revisions\/7779"}],"wp:attachment":[{"href":"https:\/\/narcotics-anonymous.de\/suedwest\/wp-json\/wp\/v2\/media?parent=3621"}],"curies":[{"name":"wp","href":"https:\/\/api.w.org\/{rel}","templated":true}]}}