{"id":2,"date":"2019-01-06T11:32:34","date_gmt":"2019-01-06T10:32:34","guid":{"rendered":"https:\/\/127.0.0.1\/enfoldbest\/?page_id=2"},"modified":"2023-08-08T10:40:31","modified_gmt":"2023-08-08T08:40:31","slug":"kontakt","status":"publish","type":"page","link":"https:\/\/narcotics-anonymous.de\/suedwest\/kontakt\/","title":{"rendered":"Kontakt"},"content":{"rendered":"\n<style type=\"text\/css\" data-created_by=\"avia_inline_auto\" id=\"style-css-av-gci6-62ec03985e3b8edee4c09c47adac9d5a\">\n.avia-section.av-gci6-62ec03985e3b8edee4c09c47adac9d5a{\nmargin-top:0;\nmargin-bottom:0;\n}\n\n@media only screen and (min-width: 768px) and (max-width: 989px){ \n.avia-section.av-gci6-62ec03985e3b8edee4c09c47adac9d5a{\nmargin-top:10px;\nmargin-bottom:10px;\n}\n}\n\n@media only screen and (min-width: 480px) and (max-width: 767px){ \n.avia-section.av-gci6-62ec03985e3b8edee4c09c47adac9d5a{\nmargin-top:10px;\nmargin-bottom:10px;\n}\n}\n\n@media only screen and (max-width: 479px){ \n.avia-section.av-gci6-62ec03985e3b8edee4c09c47adac9d5a{\nmargin-top:10px;\nmargin-bottom:10px;\n}\n}\n<\/style>\n<div id='av_section_1'  class='avia-section av-gci6-62ec03985e3b8edee4c09c47adac9d5a main_color avia-section-default avia-no-border-styling  avia-builder-el-0  avia-builder-el-no-sibling  avia-bg-style-scroll container_wrap fullsize'  ><div class='container av-section-cont-open' ><main  role=\"main\" itemprop=\"mainContentOfPage\"  class='template-page content  av-content-full alpha units'><div class='post-entry post-entry-type-page post-entry-2'><div class='entry-content-wrapper clearfix'>\n<div class='flex_column_table av-kiyw6vru-55fccc3bd4b174b52ee6e730a58c9796 sc-av_one_half av-equal-height-column-flextable'>\n<style type=\"text\/css\" data-created_by=\"avia_inline_auto\" id=\"style-css-av-kiyw6vru-55fccc3bd4b174b52ee6e730a58c9796\">\n#top .flex_column_table.av-equal-height-column-flextable.av-kiyw6vru-55fccc3bd4b174b52ee6e730a58c9796{\nmargin-top:0px;\nmargin-bottom:10px;\n}\n.flex_column.av-kiyw6vru-55fccc3bd4b174b52ee6e730a58c9796{\nborder-width:5px;\nborder-color:#294272;\nborder-style:solid;\nborder-radius:0px 0px 0px 0px;\npadding:20px 20px 20px 20px;\n}\n<\/style>\n<div  class='flex_column av-kiyw6vru-55fccc3bd4b174b52ee6e730a58c9796 av_one_half  avia-builder-el-1  el_before_av_one_half  avia-builder-el-first  first flex_column_table_cell av-equal-height-column av-align-top  '     ><p>\n<style type=\"text\/css\" data-created_by=\"avia_inline_auto\" id=\"style-css-av-lkr6snau-2d602ebf4ddd80dc21d14a9403b58399\">\n#top .av-special-heading.av-lkr6snau-2d602ebf4ddd80dc21d14a9403b58399{\npadding-bottom:10px;\n}\nbody .av-special-heading.av-lkr6snau-2d602ebf4ddd80dc21d14a9403b58399 .av-special-heading-tag .heading-char{\nfont-size:25px;\n}\n.av-special-heading.av-lkr6snau-2d602ebf4ddd80dc21d14a9403b58399 .av-subheading{\nfont-size:15px;\n}\n<\/style>\n<div  class='av-special-heading av-lkr6snau-2d602ebf4ddd80dc21d14a9403b58399 av-special-heading-h1 blockquote modern-quote  avia-builder-el-2  el_before_av_codeblock  avia-builder-el-first '><h1 class='av-special-heading-tag '  itemprop=\"headline\"  >Kontakt<\/h1><div class='av-subheading av-subheading_below'><p>Wenn Sie Fragen haben, k\u00f6nnen Sie uns gerne eine E-Mail schreiben. Wir werden sie so schnell wie m\u00f6glich beantworten.<\/p>\n<\/div><div class=\"special-heading-border\"><div class=\"special-heading-inner-border\"><\/div><\/div><\/div><br \/>\n<br \/>\n<form action=\"https:\/\/narcotics-anonymous.de\/suedwest\/kontakt\/\" method=\"post\" data-fields-with-error=\"Fehler wurden in folgenden Feld(ern) gefunden:\" class=\"avia_ajax_form av-form-labels-hidden   avia-builder-el-4  el_after_av_codeblock  avia-builder-el-last    av-desktop-hide av-medium-hide av-small-hide av-mini-hide\" data-avia-form-id=\"1\" data-avia-redirect='' ><h3 class=''>Wenn Sie Fragen haben, k\u00f6nnen Sie uns gerne eine Email schreiben. Wir werden sie so schnell wie m\u00f6glich beantworten.<\/h3><fieldset><p class='  first_form  form_element form_fullwidth' id='element_avia_1_1'><label for=\"avia_1_1\">Name <abbr class=\"required\" title=\"ben\u00f6tigt\">*<\/abbr><\/label> <input name=\"avia_1_1\" class=\"text_input is_empty\" type=\"text\" id=\"avia_1_1\" value=\"\"  placeholder='Name*'\/><\/p><p class='  first_form  form_element form_fullwidth' id='element_avia_2_1'><label for=\"avia_2_1\">E-Mail <abbr class=\"required\" title=\"ben\u00f6tigt\">*<\/abbr><\/label> <input name=\"avia_2_1\" class=\"text_input is_email\" type=\"text\" id=\"avia_2_1\" value=\"\"  placeholder='E-Mail*'\/><\/p><p class='  first_form  form_element form_fullwidth' id='element_avia_3_1'><label for=\"avia_3_1\">Betreff <abbr class=\"required\" title=\"ben\u00f6tigt\">*<\/abbr><\/label> <input name=\"avia_3_1\" class=\"text_input is_empty\" type=\"text\" id=\"avia_3_1\" value=\"\"  placeholder='Betreff*'\/><\/p><p class='  first_form  form_element form_fullwidth' id='element_avia_4_1'><label for=\"avia_4_1\" class=\"textare_label hidden textare_label_avia_4_1\">Nachricht <abbr class=\"required\" title=\"ben\u00f6tigt\">*<\/abbr><\/label><textarea  placeholder='Nachricht*' name=\"avia_4_1\" class=\"text_area is_empty\" cols=\"40\" rows=\"7\" id=\"avia_4_1\" ><\/textarea><\/p><p class=\"hidden\"><input type=\"text\" name=\"avia_5_1\" class=\"hidden \" id=\"avia_5_1\" value=\"\" \/><\/p><p class='   form_element form_fullwidth' id='element_avia_6_1'><span class='value_verifier_label'>3 + 4 = ?<\/span><input name=\"avia_6_1_verifier\" type=\"hidden\" id=\"avia_6_1_verifier\" value=\"747475764\"\/><label for=\"avia_6_1\">Bitte l\u00f6se die Gleichung. Diese Ma\u00dfnahme dient der Abwehr von Spam <abbr class=\"required\" title=\"ben\u00f6tigt\">*<\/abbr><\/label><input name=\"avia_6_1\" class=\"text_input captcha\" type=\"text\" id=\"avia_6_1\" value=\"\"\/><\/p><p class=\"form_element \"><input type=\"hidden\" value=\"1\" name=\"avia_generated_form1\" \/><input type=\"submit\" value=\"Senden\" class=\"button\"  data-sending-label=\"Sende\"\/><\/p><\/fieldset><\/form><div id=\"ajaxresponse_1\" class=\"ajaxresponse ajaxresponse_1 hidden\"><\/div><\/p><\/div><div class='av-flex-placeholder'><\/div>\n<style type=\"text\/css\" data-created_by=\"avia_inline_auto\" id=\"style-css-av-kiyw6vru-1-aaaa6c659330ab909e20b8047e20aed6\">\n#top .flex_column_table.av-equal-height-column-flextable.av-kiyw6vru-1-aaaa6c659330ab909e20b8047e20aed6{\nmargin-top:0px;\nmargin-bottom:10px;\n}\n.flex_column.av-kiyw6vru-1-aaaa6c659330ab909e20b8047e20aed6{\nborder-width:5px;\nborder-color:#294272;\nborder-style:solid;\nborder-radius:0px 0px 0px 0px;\npadding:20px 20px 20px 20px;\n}\n<\/style>\n<div  class='flex_column av-kiyw6vru-1-aaaa6c659330ab909e20b8047e20aed6 av_one_half  avia-builder-el-5  el_after_av_one_half  avia-builder-el-last  flex_column_table_cell av-equal-height-column av-align-top  '     ><section  class='av_textblock_section av-kkgrsmfj-75fae9eb1f6d1961e1de99647a15828f '   itemscope=\"itemscope\" itemtype=\"https:\/\/schema.org\/CreativeWork\" ><div class='avia_textblock'  itemprop=\"text\" ><div class=\"formElement\">\n<p><strong>Kontaktm\u00f6glichkeiten:<\/strong><\/p>\n<p><a href=\"mailto:kontakt@na-suedwest.de\">kontakt@na-suedwest.de<\/a>\u00a0 &#8211; f\u00fcr alle Anfragen bez\u00fcglich K+E, \u00d6A und Terminen<\/p>\n<p><a href=\"mailto:meetingsliste@na-suedwest.de\">meetingsliste@na-suedwest.de<\/a> &#8211; f\u00fcr alle \u00c4nderungen an der Meetingsliste S\u00fcdwest<\/p>\n<p><strong>Postanschrift: Narcotics Anonymous Gebiets-Service-Komitee S\u00fcdwest<\/strong><\/p>\n<p>NAGSKSW e.V.<br \/>\nPostfach 111147<br \/>\n76061 Karlsruhe<\/p>\n<\/div>\n<\/div><\/section><\/div><\/div><!--close column table wrapper. Autoclose: 1 -->\n","protected":false},"excerpt":{"rendered":"","protected":false},"author":1,"featured_media":0,"parent":0,"menu_order":0,"comment_status":"closed","ping_status":"closed","template":"","meta":{"footnotes":""},"class_list":["post-2","page","type-page","status-publish","hentry"],"_links":{"self":[{"href":"https:\/\/narcotics-anonymous.de\/suedwest\/wp-json\/wp\/v2\/pages\/2","targetHints":{"allow":["GET"]}}],"collection":[{"href":"https:\/\/narcotics-anonymous.de\/suedwest\/wp-json\/wp\/v2\/pages"}],"about":[{"href":"https:\/\/narcotics-anonymous.de\/suedwest\/wp-json\/wp\/v2\/types\/page"}],"author":[{"embeddable":true,"href":"https:\/\/narcotics-anonymous.de\/suedwest\/wp-json\/wp\/v2\/users\/1"}],"replies":[{"embeddable":true,"href":"https:\/\/narcotics-anonymous.de\/suedwest\/wp-json\/wp\/v2\/comments?post=2"}],"version-history":[{"count":6,"href":"https:\/\/narcotics-anonymous.de\/suedwest\/wp-json\/wp\/v2\/pages\/2\/revisions"}],"predecessor-version":[{"id":7842,"href":"https:\/\/narcotics-anonymous.de\/suedwest\/wp-json\/wp\/v2\/pages\/2\/revisions\/7842"}],"wp:attachment":[{"href":"https:\/\/narcotics-anonymous.de\/suedwest\/wp-json\/wp\/v2\/media?parent=2"}],"curies":[{"name":"wp","href":"https:\/\/api.w.org\/{rel}","templated":true}]}}