{"id":6990,"date":"2023-02-08T20:25:38","date_gmt":"2023-02-08T19:25:38","guid":{"rendered":"https:\/\/narcotics-anonymous.de\/sued\/?page_id=6990"},"modified":"2025-12-29T10:54:44","modified_gmt":"2025-12-29T09:54:44","slug":"slider_and_start_test","status":"publish","type":"page","link":"https:\/\/narcotics-anonymous.de\/sued\/","title":{"rendered":"Narcotics Anonymous Gebiet S\u00fcd &#8211; Selbsthilfegruppe f\u00fcr genesende Drogens\u00fcchtige"},"content":{"rendered":"\n<style type=\"text\/css\" data-created_by=\"avia_inline_auto\" id=\"style-css-av-lsstviml-4d0f15baaa6136134c35e6e06c22dd30\">\n.avia-buttonrow-wrap.av-lsstviml-4d0f15baaa6136134c35e6e06c22dd30 .avia-button{\npadding:7px 14px 7px 14px;\n}\n<\/style>\n<div  class='avia-buttonrow-wrap av-lsstviml-4d0f15baaa6136134c35e6e06c22dd30 avia-buttonrow-left  avia-builder-el-0  el_before_av_two_third  avia-builder-el-first '>\n\n<style type=\"text\/css\" data-created_by=\"avia_inline_auto\" id=\"style-css-av-lsstamfl-4b4385ab2623694ae0f50365fc0966b1\">\n#top #wrap_all .avia-button.av-lsstamfl-4b4385ab2623694ae0f50365fc0966b1{\nmargin-bottom:10px;\nmargin-right:10px;\n}\n<\/style>\n<a href=''  class='avia-button av-lsstamfl-4b4385ab2623694ae0f50365fc0966b1 avia-icon_select-yes-left-icon avia-size-small avia-color-theme-color'   aria-label=\"Erste Hilfe\"><span class='avia_button_icon avia_button_icon_left avia-iconfont avia-font-fontawesome5free-solid' data-av_icon='\uf0fa' data-av_iconfont='fontawesome5free-solid' ><\/span><span class='avia_iconbox_title' >Erste Hilfe<\/span><\/a>\n\n<style type=\"text\/css\" data-created_by=\"avia_inline_auto\" id=\"style-css-av-lssttqgl-34ac26a136082e670bbd06441af2f280\">\n#top #wrap_all .avia-button.av-lssttqgl-34ac26a136082e670bbd06441af2f280{\nmargin-bottom:10px;\nmargin-right:10px;\n}\n<\/style>\n<a href='https:\/\/narcotics-anonymous.de\/12-schritte-narcotics-anonymous\/'  class='avia-button av-lssttqgl-34ac26a136082e670bbd06441af2f280 avia-icon_select-yes-left-icon avia-size-small avia-color-theme-color'   aria-label=\"Die 12 Schritte\"><span class='avia_button_icon avia_button_icon_left avia-iconfont avia-font-fontawesome5free-solid' data-av_icon='\uf6ec' data-av_iconfont='fontawesome5free-solid' ><\/span><span class='avia_iconbox_title' >Die 12 Schritte<\/span><\/a>\n\n<style type=\"text\/css\" data-created_by=\"avia_inline_auto\" id=\"style-css-av-lsstwwdo-989b413e6955b1fe1fde4300c50fb407\">\n#top #wrap_all .avia-button.av-lsstwwdo-989b413e6955b1fe1fde4300c50fb407{\nmargin-bottom:10px;\nmargin-right:10px;\n}\n<\/style>\n<a href='https:\/\/narcotics-anonymous.de\/sued\/meetings\/'  class='avia-button av-lsstwwdo-989b413e6955b1fe1fde4300c50fb407 avia-icon_select-yes-left-icon avia-size-small avia-color-theme-color'   aria-label=\"Meeting finden\"><span class='avia_button_icon avia_button_icon_left avia-iconfont avia-font-entypo-fontello' data-av_icon='\ue80b' data-av_iconfont='entypo-fontello' ><\/span><span class='avia_iconbox_title' >Meeting finden<\/span><\/a>\n\n<style type=\"text\/css\" data-created_by=\"avia_inline_auto\" id=\"style-css-av-lssth9nv-0438da849792e8f2eebceb44e6ba86ef\">\n#top #wrap_all .avia-button.av-lssth9nv-0438da849792e8f2eebceb44e6ba86ef{\nbackground-color:#4564a5;\nborder-color:#4564a5;\ncolor:#ffffff;\ntransition:all 0.4s ease-in-out;\nmargin-bottom:10px;\nmargin-right:10px;\n}\n#top #wrap_all .avia-button.av-lssth9nv-0438da849792e8f2eebceb44e6ba86ef .avia-svg-icon svg:first-child{\nfill:#ffffff;\nstroke:#ffffff;\n}\n<\/style>\n<a href='https:\/\/narcotics-anonymous.de\/artikel\/nur-fuer-heute\/'  class='avia-button av-lssth9nv-0438da849792e8f2eebceb44e6ba86ef avia-icon_select-yes-left-icon avia-size-small'   aria-label=\"Nur f\u00fcr heute\"><span class='avia_button_icon avia_button_icon_left avia-iconfont avia-font-fontawesome5free-solid' data-av_icon='\uf06c' data-av_iconfont='fontawesome5free-solid' ><\/span><span class='avia_iconbox_title' >Nur f\u00fcr heute<\/span><\/a>\n\n<style type=\"text\/css\" data-created_by=\"avia_inline_auto\" id=\"style-css-av-lsswvses-c8143cd1b1a9d5eddb600352b6d7cbf8\">\n#top #wrap_all .avia-button.av-lsswvses-c8143cd1b1a9d5eddb600352b6d7cbf8{\nbackground-color:#4564a5;\nborder-color:#4564a5;\ncolor:#ffffff;\ntransition:all 0.4s ease-in-out;\nmargin-bottom:10px;\nmargin-right:10px;\n}\n#top #wrap_all .avia-button.av-lsswvses-c8143cd1b1a9d5eddb600352b6d7cbf8 .avia-svg-icon svg:first-child{\nfill:#ffffff;\nstroke:#ffffff;\n}\n<\/style>\n<a href='https:\/\/narcotics-anonymous.de\/artikel\/infocenter-erfolgsgeschichten\/'  class='avia-button av-lsswvses-c8143cd1b1a9d5eddb600352b6d7cbf8 avia-icon_select-yes-left-icon avia-size-small'   aria-label=\"Erfolgsgeschichten\"><span class='avia_button_icon avia_button_icon_left avia-iconfont avia-font-entypo-fontello' data-av_icon='\ue808' data-av_iconfont='entypo-fontello' ><\/span><span class='avia_iconbox_title' >Erfolgsgeschichten<\/span><\/a>\n\n<style type=\"text\/css\" data-created_by=\"avia_inline_auto\" id=\"style-css-av-lsstj5ql-97fc13841012088704795a7d843f45cf\">\n#top #wrap_all .avia-button.av-lsstj5ql-97fc13841012088704795a7d843f45cf{\nbackground-color:#4564a5;\nborder-color:#4564a5;\ncolor:#ffffff;\ntransition:all 0.4s ease-in-out;\nmargin-bottom:10px;\nmargin-right:10px;\n}\n#top #wrap_all .avia-button.av-lsstj5ql-97fc13841012088704795a7d843f45cf .avia-svg-icon svg:first-child{\nfill:#ffffff;\nstroke:#ffffff;\n}\n<\/style>\n<a href='https:\/\/narcotics-anonymous.de\/artikel\/mediathek\/'  class='avia-button av-lsstj5ql-97fc13841012088704795a7d843f45cf avia-icon_select-yes-left-icon avia-size-small'   aria-label=\"Speakertapes\"><span class='avia_button_icon avia_button_icon_left avia-iconfont avia-font-entypo-fontello' data-av_icon='\ue80b' data-av_iconfont='entypo-fontello' ><\/span><span class='avia_iconbox_title' >Speakertapes<\/span><\/a>\n\n<style type=\"text\/css\" data-created_by=\"avia_inline_auto\" id=\"style-css-av-lsstzcc1-9191b4a9c7b632657433059df38fa4f7\">\n#top #wrap_all .avia-button.av-lsstzcc1-9191b4a9c7b632657433059df38fa4f7{\nbackground-color:#6485a8;\nborder-color:#6485a8;\ncolor:#ffffff;\ntransition:all 0.4s ease-in-out;\nmargin-bottom:10px;\nmargin-right:10px;\n}\n#top #wrap_all .avia-button.av-lsstzcc1-9191b4a9c7b632657433059df38fa4f7 .avia-svg-icon svg:first-child{\nfill:#ffffff;\nstroke:#ffffff;\n}\n<\/style>\n<a href='https:\/\/narcotics-anonymous.de\/sued\/downloads\/'  class='avia-button av-lsstzcc1-9191b4a9c7b632657433059df38fa4f7 avia-icon_select-yes-left-icon avia-size-small'   aria-label=\"Downloads NA S\u00fcd\"><span class='avia_button_icon avia_button_icon_left avia-iconfont avia-font-fontawesome5free-solid' data-av_icon='\uf381' data-av_iconfont='fontawesome5free-solid' ><\/span><span class='avia_iconbox_title' >Downloads NA S\u00fcd<\/span><\/a>\n\n<style type=\"text\/css\" data-created_by=\"avia_inline_auto\" id=\"style-css-av-lssv4zeo-d607edb1ca7f807e973f025918766352\">\n#top #wrap_all .avia-button.av-lssv4zeo-d607edb1ca7f807e973f025918766352{\nbackground-color:#6485a8;\nborder-color:#6485a8;\ncolor:#ffffff;\ntransition:all 0.4s ease-in-out;\nmargin-bottom:10px;\nmargin-right:10px;\n}\n#top #wrap_all .avia-button.av-lssv4zeo-d607edb1ca7f807e973f025918766352 .avia-svg-icon svg:first-child{\nfill:#ffffff;\nstroke:#ffffff;\n}\n<\/style>\n<a href='https:\/\/narcotics-anonymous.de\/sued\/service-termine\/'  class='avia-button av-lssv4zeo-d607edb1ca7f807e973f025918766352 avia-icon_select-yes-left-icon avia-size-small'   aria-label=\"Termine\"><span class='avia_button_icon avia_button_icon_left avia-iconfont avia-font-elusive-icons' data-av_icon='\ue622' data-av_iconfont='elusive-icons' ><\/span><span class='avia_iconbox_title' >Termine<\/span><\/a>\n<\/div>\n<div class='flex_column_table av-ldw2009g-a2e6a0e670963b37c723f9196bb65989 sc-av_two_third av-equal-height-column-flextable'><div  class='flex_column av-ldw2009g-a2e6a0e670963b37c723f9196bb65989 av_two_third  avia-builder-el-1  el_after_av_buttonrow  el_before_av_one_third  first flex_column_table_cell av-equal-height-column av-align-top  '     ><section  class='av_textblock_section av-ldw54n0y-c2e98e24b37dbf00d70478621cb28b72 '   itemscope=\"itemscope\" itemtype=\"https:\/\/schema.org\/CreativeWork\" ><div class='avia_textblock'  itemprop=\"text\" ><h2 class=\"entry-header\">Herzlich Willkommen<br \/>\nbei Narcotics Anonymous Gebiet S\u00fcd<br class=\"avia-permanent-lb\" \/>Selbsthilfegruppen f\u00fcr genesende Drogens\u00fcchtige <br class=\"avia-permanent-lb\" \/><br class=\"avia-permanent-lb\" \/><\/h2>\n<div class=\"entry-content\">\n<p>Narcotics Anonymous ist eine <strong>weltweite Gemeinschaft<\/strong> von <strong>genesenden Drogens\u00fcchtigen<\/strong>. Die Mitglieder von NA sind Personen, f\u00fcr die Drogen zum Hauptproblem geworden sind, die sich regelm\u00e4\u00dfig treffen, um sich gegenseitig zu helfen clean zu bleiben und von den Auswirkungen zu genesen, die die Drogensucht auf ihr Leben hat. Das NA-Programm ist ein Programm\u00a0<b>v\u00f6lliger Abstinenz von allen Drogen<\/b>, das die regelm\u00e4\u00dfige Teilnahme an den Gruppentreffen, sogenannten Meetings, und die Arbeit in einem\u00a012-Schritte-Programm\u00a0beinhaltet. Es basiert auf spirituellen Prinzipien, die nichts mit irgendeiner Form von Religion zu tun haben. <br class=\"avia-permanent-lb\" \/><br class=\"avia-permanent-lb\" \/><\/p>\n<blockquote>\n<p>Wenn ein S\u00fcchtiger einem anderem S\u00fcchtigen hilft,<br \/>\nist der therapeutische Wert unvergleichlich!<\/p>\n<\/blockquote>\n<p><br class=\"avia-permanent-lb\" \/>Auch wenn in unseren Schritten davon die Rede ist, zum Glauben an eine \u201eH\u00f6here Macht\u201c zu kommen, ist das eine pers\u00f6nliche Entscheidung, die alle f\u00fcr sich treffen k\u00f6nnen, wenn sie das m\u00f6chten. Die Erfahrung unserer Mitglieder hat gezeigt, dass die spirituellen Prinzipien f\u00fcr jeden funktionieren, von religi\u00f6sen Menschen bis hin zu Atheisten oder Agnostikern. NA steht nicht in Verbindung zu anderen Organisationen oder Institutionen. <strong>Die einzige Voraussetzung f\u00fcr die NA-Zugeh\u00f6rigkeit ist der Wunsch, mit dem Drogennehmen aufzuh\u00f6ren<\/strong>. Es kostet nichts an den Meetings teilzunehmen.<\/p>\n<p>Schnelle Hilfe bei akkuter Not findest du durch ein Meeting, oder rufe die Hotline an:<br \/>\n<a href=\"https:\/\/narcotics-anonymous.de\/sued\/meetings\/\"><strong>Meeting in deiner N\u00e4he finden&#8230;<\/strong><\/a><br \/>\n<a href=\"https:\/\/narcotics-anonymous.de\/sued\/onlinemeetings\/\"><strong>Online Meeting finden&#8230;<\/strong><\/a><\/p>\n<\/div>\n<p><strong>\u00a0<\/strong><\/p>\n<\/div><\/section><\/div>\n<div class='av-flex-placeholder'><\/div>\n<style type=\"text\/css\" data-created_by=\"avia_inline_auto\" id=\"style-css-av-lsak9053-11a4e14cba1cee89e59b54ccbee9761e\">\n.flex_column.av-lsak9053-11a4e14cba1cee89e59b54ccbee9761e{\npadding:20px 10px 0 25px;\nheight:auto;\nmin-height:155px;\nbackground-color:#294372;\n}\n<\/style>\n<div  class='flex_column av-lsak9053-11a4e14cba1cee89e59b54ccbee9761e av_one_third  avia-builder-el-3  el_after_av_two_third  avia-builder-el-last  flex_column_table_cell av-equal-height-column av-align-top  '     ><section  class='av_textblock_section av-lsao1p1m-8fdd50f7c74e299a236fa52df3f04821 '   itemscope=\"itemscope\" itemtype=\"https:\/\/schema.org\/CreativeWork\" ><div class='avia_textblock av_inherit_color'  itemprop=\"text\" ><h2><span style=\"color: #ffffff\">NA<\/span><\/h2>\n<h2><span style=\"color: #ffffff\">GEBIET S\u00dcD NEWS<\/span><\/h2>\n<div class=\"wp-block-image\">\n<div class=\"wp-block-image\"><img loading=\"lazy\" decoding=\"async\" class=\"wpa-warning wpa-image-missing-alt aligncenter wp-image-8208 size-medium\" src=\"https:\/\/narcotics-anonymous.de\/sued\/wp-content\/uploads\/sites\/15\/2025\/12\/Waldenburg-2026-215x300.jpg\" alt=\"\" width=\"215\" height=\"300\" data-warning=\"Missing alt text\" srcset=\"https:\/\/narcotics-anonymous.de\/sued\/wp-content\/uploads\/sites\/15\/2025\/12\/Waldenburg-2026-215x300.jpg 215w, https:\/\/narcotics-anonymous.de\/sued\/wp-content\/uploads\/sites\/15\/2025\/12\/Waldenburg-2026-739x1030.jpg 739w, https:\/\/narcotics-anonymous.de\/sued\/wp-content\/uploads\/sites\/15\/2025\/12\/Waldenburg-2026-768x1071.jpg 768w, https:\/\/narcotics-anonymous.de\/sued\/wp-content\/uploads\/sites\/15\/2025\/12\/Waldenburg-2026-505x705.jpg 505w, https:\/\/narcotics-anonymous.de\/sued\/wp-content\/uploads\/sites\/15\/2025\/12\/Waldenburg-2026.jpg 793w\" sizes=\"auto, (max-width: 215px) 100vw, 215px\" \/><\/div>\n<\/div>\n<h2><\/h2>\n<h6 style=\"text-align: center\"><span style=\"color: #ffffff\">N\u00e4heres unter Veranstaltungen<\/span><\/h6>\n<hr \/>\n<p><img loading=\"lazy\" decoding=\"async\" class=\"wp-image-7664 size-medium aligncenter\" src=\"https:\/\/narcotics-anonymous.de\/sued\/wp-content\/uploads\/sites\/15\/2024\/06\/24_06_06_Erfahrener_NAler_RSK-300x225.png\" alt=\"\" width=\"300\" height=\"225\" srcset=\"https:\/\/narcotics-anonymous.de\/sued\/wp-content\/uploads\/sites\/15\/2024\/06\/24_06_06_Erfahrener_NAler_RSK-300x225.png 300w, https:\/\/narcotics-anonymous.de\/sued\/wp-content\/uploads\/sites\/15\/2024\/06\/24_06_06_Erfahrener_NAler_RSK.png 350w\" sizes=\"auto, (max-width: 300px) 100vw, 300px\" \/><\/p>\n<\/div><\/section><\/div><\/div><!--close column table wrapper. Autoclose: 1 -->\n","protected":false},"excerpt":{"rendered":"","protected":false},"author":103,"featured_media":0,"parent":0,"menu_order":0,"comment_status":"closed","ping_status":"closed","template":"","meta":{"footnotes":""},"class_list":["post-6990","page","type-page","status-publish","hentry"],"_links":{"self":[{"href":"https:\/\/narcotics-anonymous.de\/sued\/wp-json\/wp\/v2\/pages\/6990","targetHints":{"allow":["GET"]}}],"collection":[{"href":"https:\/\/narcotics-anonymous.de\/sued\/wp-json\/wp\/v2\/pages"}],"about":[{"href":"https:\/\/narcotics-anonymous.de\/sued\/wp-json\/wp\/v2\/types\/page"}],"author":[{"embeddable":true,"href":"https:\/\/narcotics-anonymous.de\/sued\/wp-json\/wp\/v2\/users\/103"}],"replies":[{"embeddable":true,"href":"https:\/\/narcotics-anonymous.de\/sued\/wp-json\/wp\/v2\/comments?post=6990"}],"version-history":[{"count":189,"href":"https:\/\/narcotics-anonymous.de\/sued\/wp-json\/wp\/v2\/pages\/6990\/revisions"}],"predecessor-version":[{"id":8211,"href":"https:\/\/narcotics-anonymous.de\/sued\/wp-json\/wp\/v2\/pages\/6990\/revisions\/8211"}],"wp:attachment":[{"href":"https:\/\/narcotics-anonymous.de\/sued\/wp-json\/wp\/v2\/media?parent=6990"}],"curies":[{"name":"wp","href":"https:\/\/api.w.org\/{rel}","templated":true}]}}