{"id":3621,"date":"2020-01-26T18:16:28","date_gmt":"2020-01-26T17:16:28","guid":{"rendered":"http:\/\/multisite.narcotics-anonymous.de\/sued\/?page_id=3621"},"modified":"2025-09-11T18:10:46","modified_gmt":"2025-09-11T16:10:46","slug":"meetings","status":"publish","type":"page","link":"https:\/\/narcotics-anonymous.de\/sued\/meetings\/","title":{"rendered":"Meetings finden"},"content":{"rendered":"\n<style type=\"text\/css\" data-created_by=\"avia_inline_auto\" id=\"style-css-av-301sg9-e444cc96c5deb7a49879041c780758e6\">\n.avia-section.av-301sg9-e444cc96c5deb7a49879041c780758e6{\nmargin-top:0px;\nmargin-bottom:0px;\n}\n<\/style>\n<div id='av_section_1'  class='avia-section av-301sg9-e444cc96c5deb7a49879041c780758e6 main_color avia-section-no-padding avia-no-border-styling  avia-builder-el-0  el_before_av_two_third  avia-builder-el-first  avia-bg-style-scroll container_wrap fullsize'  ><div class='container av-section-cont-open' ><main  role=\"main\" itemprop=\"mainContentOfPage\"  class='template-page content  av-content-full alpha units'><div class='post-entry post-entry-type-page post-entry-3621'><div class='entry-content-wrapper clearfix'>\n<div class='flex_column_table av-5axks5-c16f2de452b2b3efe01a8df25c8ef2ec sc-av_four_fifth av-equal-height-column-flextable'>\n<style type=\"text\/css\" data-created_by=\"avia_inline_auto\" id=\"style-css-av-5axks5-c16f2de452b2b3efe01a8df25c8ef2ec\">\n.flex_column.av-5axks5-c16f2de452b2b3efe01a8df25c8ef2ec{\nborder-radius:0px 0px 0px 0px;\npadding:0px 0px 0px 0px;\n}\n<\/style>\n<div  class='flex_column av-5axks5-c16f2de452b2b3efe01a8df25c8ef2ec av_four_fifth  avia-builder-el-1  el_before_av_one_fifth  avia-builder-el-first  first flex_column_table_cell av-equal-height-column av-align-bottom av-zero-column-padding  '     ><style type=\"text\/css\" data-created_by=\"avia_inline_auto\" id=\"style-css-av-37lllx-65f814937f4c8c717977140e035c8fdb\">\n#top .av-special-heading.av-37lllx-65f814937f4c8c717977140e035c8fdb{\nmargin:20px 0 0 0;\npadding-bottom:0;\ncolor:#425a8a;\nfont-size:54px;\n}\nbody .av-special-heading.av-37lllx-65f814937f4c8c717977140e035c8fdb .av-special-heading-tag .heading-char{\nfont-size:25px;\n}\n#top #wrap_all .av-special-heading.av-37lllx-65f814937f4c8c717977140e035c8fdb .av-special-heading-tag{\nfont-size:54px;\n}\n.av-special-heading.av-37lllx-65f814937f4c8c717977140e035c8fdb .special-heading-inner-border{\nborder-color:#425a8a;\n}\n.av-special-heading.av-37lllx-65f814937f4c8c717977140e035c8fdb .av-subheading{\nfont-size:10px;\n}\n\n@media only screen and (min-width: 480px) and (max-width: 767px){ \n#top #wrap_all .av-special-heading.av-37lllx-65f814937f4c8c717977140e035c8fdb .av-special-heading-tag{\nfont-size:0.8em;\n}\n}\n\n@media only screen and (max-width: 479px){ \n#top #wrap_all .av-special-heading.av-37lllx-65f814937f4c8c717977140e035c8fdb .av-special-heading-tag{\nfont-size:0.8em;\n}\n}\n<\/style>\n<div  class='av-special-heading av-37lllx-65f814937f4c8c717977140e035c8fdb av-special-heading-h2 custom-color-heading blockquote classic-quote classic-quote-left  avia-builder-el-2  avia-builder-el-no-sibling  farbsek_1_h3_sep av-inherit-size av-linked-heading'><h2 class='av-special-heading-tag '  itemprop=\"headline\"  >Meetings in Bayern, Baden-W\u00fcrttemberg und \u00d6sterreich<\/h2><div class='av_custom_color av-subheading av-subheading_below'><p>Du kannst als Betroffener zu jedem NA-Meeting einfach hingehen. Herzlich Willkommen!<\/p>\n<\/div><div class=\"special-heading-border\"><div class=\"special-heading-inner-border\"><\/div><\/div><\/div><\/div><div class='av-flex-placeholder'><\/div>\n<style type=\"text\/css\" data-created_by=\"avia_inline_auto\" id=\"style-css-av-2zcqvp-02898d438de5fe645fdfa7db53dc621c\">\n.flex_column.av-2zcqvp-02898d438de5fe645fdfa7db53dc621c{\nborder-radius:0px 0px 0px 0px;\npadding:0px 0px 0px 0px;\n}\n<\/style>\n<div  class='flex_column av-2zcqvp-02898d438de5fe645fdfa7db53dc621c av_one_fifth  avia-builder-el-3  el_after_av_four_fifth  avia-builder-el-last  flex_column_table_cell av-equal-height-column av-align-bottom av-zero-column-padding  '     ><div  class='avia-button-wrap av-kke7uf84-98cbbd7b95316ec88e580e19f8b28729-wrap avia-button-center  avia-builder-el-4  avia-builder-el-no-sibling '><a href='https:\/\/narcotics-anonymous.de\/sued\/onlinemeetings\/'  class='avia-button av-kke7uf84-98cbbd7b95316ec88e580e19f8b28729 av-link-btn avia-icon_select-yes-left-icon avia-size-small avia-position-center avia-color-theme-color'   aria-label=\"Zu den reinen Onlinemeetings\"><span class='avia_button_icon avia_button_icon_left avia-iconfont avia-font-entypo-fontello' data-av_icon='\ue803' data-av_iconfont='entypo-fontello' ><\/span><span class='avia_iconbox_title' >Zu den reinen Onlinemeetings<\/span><\/a><\/div><\/div><\/div><!--close column table wrapper. Autoclose: 1 -->\n<\/div><\/div><\/main><!-- close content main element --><\/div><\/div><div id='after_section_1'  class='main_color av_default_container_wrap container_wrap fullsize'  ><div class='container av-section-cont-open' ><div class='template-page content  av-content-full alpha units'><div class='post-entry post-entry-type-page post-entry-3621'><div class='entry-content-wrapper clearfix'>\n<div class='flex_column_table av-cxdavd-7cd6780162c0774838daaeb48de09f03 sc-av_two_third av-equal-height-column-flextable'>\n<style type=\"text\/css\" data-created_by=\"avia_inline_auto\" id=\"style-css-av-cxdavd-7cd6780162c0774838daaeb48de09f03\">\n#top .flex_column_table.av-equal-height-column-flextable.av-cxdavd-7cd6780162c0774838daaeb48de09f03{\nmargin-top:0px;\nmargin-bottom:0px;\n}\n.flex_column.av-cxdavd-7cd6780162c0774838daaeb48de09f03{\nborder-width:3px;\nborder-color:#094978;\nborder-style:solid;\nborder-radius:0px 0px 0px 0px;\npadding:10px 10px 10px 10px;\nbackground-color:#ffffff;\n}\n<\/style>\n<div  class='flex_column av-cxdavd-7cd6780162c0774838daaeb48de09f03 av_two_third  avia-builder-el-5  el_after_av_section  el_before_av_one_third  avia-builder-el-first  first flex_column_table_cell av-equal-height-column av-align-top av-animated-generic left-to-right  '     ><p>\n<style type=\"text\/css\" data-created_by=\"avia_inline_auto\" id=\"style-css-av-kou9fcpn-5d950e546695b406b1ed2e838f9f1fec\">\n#top .av-special-heading.av-kou9fcpn-5d950e546695b406b1ed2e838f9f1fec{\npadding-bottom:10px;\n}\nbody .av-special-heading.av-kou9fcpn-5d950e546695b406b1ed2e838f9f1fec .av-special-heading-tag .heading-char{\nfont-size:25px;\n}\n.av-special-heading.av-kou9fcpn-5d950e546695b406b1ed2e838f9f1fec .av-subheading{\nfont-size:15px;\n}\n<\/style>\n<div  class='av-special-heading av-kou9fcpn-5d950e546695b406b1ed2e838f9f1fec av-special-heading-h4 blockquote modern-quote  avia-builder-el-6  el_before_av_textblock  avia-builder-el-first  av-linked-heading'><h4 class='av-special-heading-tag '  itemprop=\"headline\"  >Wie finden Meetings statt?<\/h4><div class=\"special-heading-border\"><div class=\"special-heading-inner-border\"><\/div><\/div><\/div><br \/>\n<section  class='av_textblock_section av-koshzeve-a16d31c285ff23a3b2dfb924446ee877 '   itemscope=\"itemscope\" itemtype=\"https:\/\/schema.org\/CreativeWork\" ><div class='avia_textblock'  itemprop=\"text\" ><p>Ihr k\u00f6nnt die Hotline anzurufen bzw. auf den einzelnen Gebiets-Seiten nachzuschauen. Links zu den Gebieten und auch zu Telefon- &amp; Online-Meetings findet ihr hier.<\/p>\n<p><strong>Weitere M\u00f6glichkeiten f\u00fcr Online-Meetings und Infos:<br \/>\n<\/strong><a href=\"https:\/\/narcotics-anonymous.de\/kontakt\/links.html\" target=\"_blank\" rel=\"noopener noreferrer\">Links zu Gebieten -Telefon- &amp; Onlinemeetings<\/a><\/p>\n<p><strong>Unten stehen die Einwahl-Daten aktueller Zoom-Meetings (und Telefon-Meetings).\u00a0<\/strong><\/p>\n<p>Zoom hat nichts mit NA zu tun, aber wir nutzen die Software.<br \/>\nDazu brauchst du:\u00a0<a href=\"https:\/\/zoom.us\/\" target=\"_blank\" rel=\"noopener noreferrer\">Zoom zum Download<\/a><br \/>\nNach dem Download brauchst du nur die Links unten anzuklicken.<\/p>\n<p>Alternative \u2013\u00a0<strong>(Heidelberger) Telefonmeeting:<br \/>\n<\/strong><a href=\"http:\/\/www.na-telefonmeeting.de\/\" target=\"_blank\" rel=\"noopener noreferrer\">www.na-telefonmeeting.de<\/a><\/p>\n<\/div><\/section><\/p><\/div><div class='av-flex-placeholder'><\/div>\n<style type=\"text\/css\" data-created_by=\"avia_inline_auto\" id=\"style-css-av-2zcqvp-4-a2b97ed6a7529c82ec84e3c5f77a0fa8\">\n#top .flex_column_table.av-equal-height-column-flextable.av-2zcqvp-4-a2b97ed6a7529c82ec84e3c5f77a0fa8{\nmargin-top:0px;\nmargin-bottom:0px;\n}\n.flex_column.av-2zcqvp-4-a2b97ed6a7529c82ec84e3c5f77a0fa8{\nborder-radius:0 0 0 0;\npadding:50px 50px 50px 50px;\nbackground-color:#094978;\n}\n<\/style>\n<div  class='flex_column av-2zcqvp-4-a2b97ed6a7529c82ec84e3c5f77a0fa8 av_one_third  avia-builder-el-8  el_after_av_two_third  el_before_av_one_full  flex_column_table_cell av-equal-height-column av-align-top avia-link-column av-column-link avia-link-column-hover  '    data-link-column-url=\"https:\/\/narcotics-anonymous.de\/sued\/offene-meetings-finden\/\"   ><a class=\"av-screen-reader-only\" href=https:\/\/narcotics-anonymous.de\/sued\/offene-meetings-finden\/ >Link zu: Offene Meetings finden<\/a><p>\n<style type=\"text\/css\" data-created_by=\"avia_inline_auto\" id=\"style-css-av-kou8e68h-5952c35dea469400dfb9c2b1b3f82d92\">\n#top .av-special-heading.av-kou8e68h-5952c35dea469400dfb9c2b1b3f82d92{\nmargin:20px 0 0 0;\npadding-bottom:0;\ncolor:#ffffff;\n}\nbody .av-special-heading.av-kou8e68h-5952c35dea469400dfb9c2b1b3f82d92 .av-special-heading-tag .heading-char{\nfont-size:25px;\n}\n.av-special-heading.av-kou8e68h-5952c35dea469400dfb9c2b1b3f82d92 .special-heading-inner-border{\nborder-color:#ffffff;\n}\n.av-special-heading.av-kou8e68h-5952c35dea469400dfb9c2b1b3f82d92 .av-subheading{\nfont-size:10px;\n}\n<\/style>\n<div  class='av-special-heading av-kou8e68h-5952c35dea469400dfb9c2b1b3f82d92 av-special-heading-h4 custom-color-heading blockquote modern-quote modern-centered  avia-builder-el-9  el_before_av_textblock  avia-builder-el-first  farbsek_1_h3_sep av-linked-heading'><h4 class='av-special-heading-tag '  itemprop=\"headline\"  >Meetings f\u00fcr <span class='special_amp'>&#8220;<\/span>G\u00e4ste<span class='special_amp'>&#8221;<\/span><\/h4><div class=\"special-heading-border\"><div class=\"special-heading-inner-border\"><\/div><\/div><\/div><br \/>\n\n<style type=\"text\/css\" data-created_by=\"avia_inline_auto\" id=\"style-css-av-kou7umyc-09826a72e3b2e51acd669652b8ab638e\">\n#top .av_textblock_section.av-kou7umyc-09826a72e3b2e51acd669652b8ab638e .avia_textblock{\ncolor:#ffffff;\n}\n<\/style>\n<section  class='av_textblock_section av-kou7umyc-09826a72e3b2e51acd669652b8ab638e '   itemscope=\"itemscope\" itemtype=\"https:\/\/schema.org\/CreativeWork\" ><div class='avia_textblock av_inherit_color'  itemprop=\"text\" ><p style=\"text-align: center\">Termine f\u00fcr Gruppentreffen (Meetings) im Gebiet S\u00fcdwest, bei denen auch Nichts\u00fcchtige (G\u00e4ste, Angeh\u00f6rige, Fachleute etc.) willkommen sind.<\/p>\n<p style=\"text-align: center\">Offene Meetings sind dabei mit \u201eO\u201c und der jeweiligen Woche gekennzeichnet.<\/p>\n<p style=\"text-align: center\">(z.B. &#8220;O1&#8221; f\u00fcr &#8220;offen 1. Woche im Monat&#8221; &#8211; in der Regel monatlich)<\/p>\n<\/div><\/section><\/p><\/div><\/div><!--close column table wrapper. Autoclose: 1 --><\/p>\n\n<style type=\"text\/css\" data-created_by=\"avia_inline_auto\" id=\"style-css-av-2zcqvp-3-887c03ab766ce2e652602c2aea8623d3\">\n.flex_column.av-2zcqvp-3-887c03ab766ce2e652602c2aea8623d3{\nborder-radius:0px 0px 0px 0px;\npadding:0px 0px 0px 0px;\n}\n<\/style>\n<div  class='flex_column av-2zcqvp-3-887c03ab766ce2e652602c2aea8623d3 av_one_full  avia-builder-el-11  el_after_av_one_third  el_before_av_one_half  first flex_column_div av-zero-column-padding  column-top-margin'     ><\/div>\n\n<style type=\"text\/css\" data-created_by=\"avia_inline_auto\" id=\"style-css-av-g1go1-5e8d0b83292bd7d58ff442edb14f359d\">\n.flex_column.av-g1go1-5e8d0b83292bd7d58ff442edb14f359d{\nborder-radius:0px 0px 0px 0px;\npadding:0px 0px 0px 0px;\n}\n<\/style>\n<div  class='flex_column av-g1go1-5e8d0b83292bd7d58ff442edb14f359d av_one_half  avia-builder-el-13  el_after_av_one_full  el_before_av_one_half  first flex_column_div av-zero-column-padding  column-top-margin'     ><div  class='avia-button-wrap av-jyhgbj34-39c47510948ec7af14f352781efb0a50-wrap avia-button-left  avia-builder-el-14  avia-builder-el-no-sibling '><a href='\/sued?current-meeting-list=1'  class='avia-button av-jyhgbj34-39c47510948ec7af14f352781efb0a50 av-link-btn avia-icon_select-yes-left-icon avia-size-large avia-position-left avia-color-theme-color'  target=\"_blank\"  rel=\"noopener noreferrer\"  aria-label=\"Meetingsliste als PDF\"><span class='avia_button_icon avia_button_icon_left avia-iconfont avia-font-entypo-fontello' data-av_icon='\ue82d' data-av_iconfont='entypo-fontello' ><\/span><span class='avia_iconbox_title' >Meetingsliste als PDF<\/span><\/a><\/div><\/div>\n\n<style type=\"text\/css\" data-created_by=\"avia_inline_auto\" id=\"style-css-av-g1go1-2-c7125f14fec985388b58873db349d2ad\">\n.flex_column.av-g1go1-2-c7125f14fec985388b58873db349d2ad{\nborder-radius:0px 0px 0px 0px;\npadding:0px 0px 0px 0px;\n}\n<\/style>\n<div  class='flex_column av-g1go1-2-c7125f14fec985388b58873db349d2ad av_one_half  avia-builder-el-15  el_after_av_one_half  avia-builder-el-last  flex_column_div av-zero-column-padding  column-top-margin'     ><div  class='avia-button-wrap av-jyhgbj34-1-361141f3f46d85238eab00f45d279b3b-wrap avia-button-right  avia-builder-el-16  avia-builder-el-no-sibling '><a href='\/sued?current-meeting-list=2'  class='avia-button av-jyhgbj34-1-361141f3f46d85238eab00f45d279b3b av-link-btn avia-icon_select-yes-left-icon avia-size-large avia-position-right avia-color-theme-color'  target=\"_blank\"  rel=\"noopener noreferrer\"  aria-label=\"Meetingsliste als PDF mit Onlinemeetings\"><span class='avia_button_icon avia_button_icon_left avia-iconfont avia-font-entypo-fontello' data-av_icon='\ue82d' data-av_iconfont='entypo-fontello' ><\/span><span class='avia_iconbox_title' >Meetingsliste als PDF mit Onlinemeetings<\/span><\/a><\/div><\/div>\n","protected":false},"excerpt":{"rendered":"","protected":false},"author":4,"featured_media":0,"parent":0,"menu_order":0,"comment_status":"closed","ping_status":"closed","template":"","meta":{"footnotes":""},"class_list":["post-3621","page","type-page","status-publish","hentry"],"_links":{"self":[{"href":"https:\/\/narcotics-anonymous.de\/sued\/wp-json\/wp\/v2\/pages\/3621","targetHints":{"allow":["GET"]}}],"collection":[{"href":"https:\/\/narcotics-anonymous.de\/sued\/wp-json\/wp\/v2\/pages"}],"about":[{"href":"https:\/\/narcotics-anonymous.de\/sued\/wp-json\/wp\/v2\/types\/page"}],"author":[{"embeddable":true,"href":"https:\/\/narcotics-anonymous.de\/sued\/wp-json\/wp\/v2\/users\/4"}],"replies":[{"embeddable":true,"href":"https:\/\/narcotics-anonymous.de\/sued\/wp-json\/wp\/v2\/comments?post=3621"}],"version-history":[{"count":7,"href":"https:\/\/narcotics-anonymous.de\/sued\/wp-json\/wp\/v2\/pages\/3621\/revisions"}],"predecessor-version":[{"id":8065,"href":"https:\/\/narcotics-anonymous.de\/sued\/wp-json\/wp\/v2\/pages\/3621\/revisions\/8065"}],"wp:attachment":[{"href":"https:\/\/narcotics-anonymous.de\/sued\/wp-json\/wp\/v2\/media?parent=3621"}],"curies":[{"name":"wp","href":"https:\/\/api.w.org\/{rel}","templated":true}]}}