{"id":941,"date":"2025-09-28T08:58:58","date_gmt":"2025-09-28T06:58:58","guid":{"rendered":"https:\/\/narcotics-anonymous.de\/ost\/?page_id=941"},"modified":"2026-03-28T17:31:56","modified_gmt":"2026-03-28T16:31:56","slug":"dienste-und-vernetzung","status":"publish","type":"page","link":"https:\/\/narcotics-anonymous.de\/ost\/dienste-und-vernetzung\/","title":{"rendered":"Dienste und Vernetzung"},"content":{"rendered":"\n<style type=\"text\/css\" data-created_by=\"avia_inline_auto\" id=\"style-css-av-mg3ljtd3-dacc1f9acefb9f40cd351dec56453e50\">\n#top .av-special-heading.av-mg3ljtd3-dacc1f9acefb9f40cd351dec56453e50{\nmargin:30px 0 0 0;\npadding-bottom:0;\ncolor:#6786a1;\nfont-size:24px;\n}\nbody .av-special-heading.av-mg3ljtd3-dacc1f9acefb9f40cd351dec56453e50 .av-special-heading-tag .heading-char{\nfont-size:25px;\n}\n#top #wrap_all .av-special-heading.av-mg3ljtd3-dacc1f9acefb9f40cd351dec56453e50 .av-special-heading-tag{\nfont-size:24px;\n}\n.av-special-heading.av-mg3ljtd3-dacc1f9acefb9f40cd351dec56453e50 .special-heading-inner-border{\nborder-color:#6786a1;\n}\n.av-special-heading.av-mg3ljtd3-dacc1f9acefb9f40cd351dec56453e50 .av-subheading{\nfont-size:12px;\n}\n\n@media only screen and (min-width: 990px){ \n#top #wrap_all .av-special-heading.av-mg3ljtd3-dacc1f9acefb9f40cd351dec56453e50 .av-special-heading-tag{\nfont-size:34px;\n}\n}\n\n@media only screen and (min-width: 768px) and (max-width: 989px){ \n#top #wrap_all .av-special-heading.av-mg3ljtd3-dacc1f9acefb9f40cd351dec56453e50 .av-special-heading-tag{\nfont-size:30px;\n}\n}\n\n@media only screen and (min-width: 480px) and (max-width: 767px){ \n#top #wrap_all .av-special-heading.av-mg3ljtd3-dacc1f9acefb9f40cd351dec56453e50 .av-special-heading-tag{\nfont-size:28px;\n}\n}\n\n@media only screen and (max-width: 479px){ \n#top #wrap_all .av-special-heading.av-mg3ljtd3-dacc1f9acefb9f40cd351dec56453e50 .av-special-heading-tag{\nfont-size:24px;\n}\n}\n<\/style>\n<div  class='av-special-heading av-mg3ljtd3-dacc1f9acefb9f40cd351dec56453e50 av-special-heading-h2 custom-color-heading blockquote modern-quote modern-centered  avia-builder-el-0  el_before_av_hr  avia-builder-el-first  farbsek_1_h3_sep av-inherit-size'><h2 class='av-special-heading-tag '  itemprop=\"headline\"  >Dienste und Vernetzung<\/h2><div class='av_custom_color av-subheading av-subheading_below'><p>Dienststruktur im Gebiet Ost und Links ins Netzwerk<\/p>\n<\/div><div class=\"special-heading-border\"><div class=\"special-heading-inner-border\"><\/div><\/div><\/div>\n\n<style type=\"text\/css\" data-created_by=\"avia_inline_auto\" id=\"style-css-av-mfo94n7c-d1617cfbe369098a2ac13e04d697935a\">\n#top .hr.hr-invisible.av-mfo94n7c-d1617cfbe369098a2ac13e04d697935a{\nheight:50px;\n}\n<\/style>\n<div  class='hr av-mfo94n7c-d1617cfbe369098a2ac13e04d697935a hr-invisible  avia-builder-el-1  el_after_av_heading  el_before_av_one_third '><span class='hr-inner '><span class=\"hr-inner-style\"><\/span><\/span><\/div>\n<div  class='flex_column av-dqbd9-e71cb00e384bf88f812f087d44b2b82c av_one_third  avia-builder-el-2  el_after_av_hr  el_before_av_two_third  first flex_column_div  '     ><section  class='av_textblock_section av-mfo8r6cf-6d34cb6fae3d3f4b590ce1eff247158e '   itemscope=\"itemscope\" itemtype=\"https:\/\/schema.org\/CreativeWork\" ><div class='avia_textblock'  itemprop=\"text\" ><p>        <div class=\"w3eden d-inline-block\"><a href=\"#\"   type=\"button\"\n                                              id=\"wpdmmodalloginbtn\" class=\"btn btn-primary\"\n                                              data-toggle=\"modal\"\n                                              data-target=\"#wpdmloginmodal\">Um Kontakt-Daten zu sehen: Hier klicken um einzuloggen!<\/a><\/div>\n        <\/p>\n<\/div><\/section><\/div><div  class='flex_column av-9b2cd-e7442619a4d559908308610774fba30f av_two_third  avia-builder-el-4  el_after_av_one_third  el_before_av_hr  flex_column_div  '     ><section  class='av_textblock_section av-mfo8ywoo-eefff6c4751f09930b54b44a7c511fde '   itemscope=\"itemscope\" itemtype=\"https:\/\/schema.org\/CreativeWork\" ><div class='avia_textblock'  itemprop=\"text\" ><p style=\"text-align: left\"><strong>Die Zusammenarbeit im Gebiets-Servicekomitee (GSK)<\/strong>\u00a0dient dem Zweck, Themen, Anliegen und n\u00f6tige Entscheidungen zusammen zu tragen, die \u00fcber die Erf\u00fcllung der Hauptaufgabe jeder einzelnen Gruppe hinausgehen und das Gebiet oder <em>die NA-Gemeinschaft als Ganzes<\/em> betreffen. Daf\u00fcr k\u00f6nnen und sollen alle Gruppen, die in den St\u00e4dten des Gebiets ein oder mehrere regelm\u00e4\u00dfige Meetings abhalten, eine Repr\u00e4sentant:in in das Gebiets-Servicekomitee (GSK) entsenden. So nehmen die Gruppen ihre Verantwortung als oberste Instanz f\u00fcr die Servicestruktur in NA wahr.<\/p>\n<p style=\"text-align: left\">Das GSK ist f\u00fcr alle Mitglieder von NA \u00f6ffentlich, die sich am Austausch \u00fcber die im Gebiet auftretenden Fragen, Herausforderungen und m\u00f6glichen L\u00f6sungswegen beteiligen. Dies hilft den Gruppenrepr\u00e4sentant:innen dabei, entsprechend dem Auftrag ihrer Gruppen ein ausgewogenes Gruppengewissen f\u00fcr n\u00f6tige Entscheidungen im Gebiet zu bilden.<\/p>\n<p style=\"text-align: left\">Neben den Repr\u00e4sentant:innen, die von ihren Gruppen in das GSK entsendet wurden, werden weitere Mitglieder von NA mit Diensten betraut, die die Aufgabenerf\u00fcllung und Durchf\u00fchrung des Komitees gew\u00e4hrleisten. F\u00fcr bestimmte Projekte, Kl\u00e4rungsprozesse und \u00e4hnliches k\u00f6nnen im GSK au\u00dferdem Arbeitsgruppen und Unterkomitees gebildet werden.<\/p>\n<\/div><\/section><\/div><\/p>\n<div  class='hr av-otimd-04bb55cd7167d6e5f4b9dbb9c9b88a60 hr-full  avia-builder-el-6  el_after_av_two_third  el_before_av_one_third  hr-shadow'><span class='hr-inner '><span class=\"hr-inner-style\"><\/span><\/span><\/div>\n<div  class='flex_column av-m2k4d-9484999d5cb9786956bee4f1cf5d70d0 av_one_third  avia-builder-el-7  el_after_av_hr  el_before_av_one_third  first flex_column_div  '     ><section  class='av_textblock_section av-mhi2kg46-a231cbdce49c57a40f84ccdacf01a4ab '   itemscope=\"itemscope\" itemtype=\"https:\/\/schema.org\/CreativeWork\" ><div class='avia_textblock'  itemprop=\"text\" ><h4><strong>Die weiteren Gebiete<\/strong><\/h4>\n<p><a href=\"https:\/\/na-berlin.de\/\" target=\"_blank\" rel=\"noopener\">Berlin<\/a><br \/>\n<a href=\"http:\/\/www.narcotics-anonymous.de\/mitte\/\">Mitte<\/a><br \/>\n<a href=\"https:\/\/na-nord.de\/\" target=\"_blank\" rel=\"noopener\">Nord<\/a><br \/>\n<a href=\"https:\/\/narcotics-anonymous.de\/online-gebiet\/\" target=\"_blank\" rel=\"noopener\">Online<\/a><br \/>\n<a href=\"http:\/\/www.narcotics-anonymous.de\/sued\/\">S\u00fcd<\/a><br \/>\n<a href=\"http:\/\/www.narcotics-anonymous.de\/suedwest\/\">S\u00fcdwest<\/a><br \/>\n<a href=\"http:\/\/www.narcotics-anonymous.de\/west\/\">West und Aachen<\/a><\/p>\n<h4><strong>St\u00e4dte<\/strong><\/h4>\n<p><a href=\"http:\/\/www.na-hamburg.de\/\" target=\"_blank\" rel=\"noopener\">Hamburg<\/a><\/p>\n<\/div><\/section><\/div>\n<div  class='flex_column av-e9bw5-a8d649bd22ff6aecf9b9a4cfa3ea6e4b av_one_third  avia-builder-el-9  el_after_av_one_third  el_before_av_one_third  flex_column_div  '     ><section  class='av_textblock_section av-mhi3lpcl-86974d2576357718f0ba0c9a20ee4409 '   itemscope=\"itemscope\" itemtype=\"https:\/\/schema.org\/CreativeWork\" ><div class='avia_textblock'  itemprop=\"text\" ><h4><strong>Narcotics Anonymous<br \/>\nDeutschland und \u00d6sterreich<\/strong><\/h4>\n<p><a href=\"https:\/\/narcotics-anonymous.de\/\" aria-current=\"page\">Startseite<\/a><br \/>\n<a href=\"https:\/\/narcotics-anonymous.de\/erste-hilfe\/\">Erste Hilfe<\/a><br \/>\n<a href=\"https:\/\/narcotics-anonymous.de\/meetings\/\">Meetings<\/a><br \/>\n<a href=\"https:\/\/www.na-shopping.de\/\" target=\"_blank\" rel=\"noopener\">Literaturshop<\/a><\/p>\n<\/div><\/section><\/div>\n<div  class='flex_column av-7uyol-18c98517d5b5358fc2e05d379771096f av_one_third  avia-builder-el-11  el_after_av_one_third  avia-builder-el-last  flex_column_div  '     ><section  class='av_textblock_section av-mhi3zzny-add426e05aa533ab52934454acd347eb '   itemscope=\"itemscope\" itemtype=\"https:\/\/schema.org\/CreativeWork\" ><div class='avia_textblock'  itemprop=\"text\" ><h4><strong>International<br \/>\n<\/strong><\/h4>\n<p><a href=\"https:\/\/www.na.org\/\" target=\"_blank\" rel=\"noopener\">WSO<\/a><br \/>\n<a href=\"https:\/\/edmna.org\/\" target=\"_blank\" rel=\"noopener\">EDM<\/a><br \/>\n<a href=\"https:\/\/eccna.eu\/\" target=\"_blank\" rel=\"noopener\">CCNA<\/a><br \/>\n<a href=\"https:\/\/www.apfna.org\/\" target=\"_blank\" rel=\"noopener\">APFNA<\/a><\/p>\n<\/div><\/section><\/div>\n","protected":false},"excerpt":{"rendered":"","protected":false},"author":132,"featured_media":0,"parent":0,"menu_order":0,"comment_status":"closed","ping_status":"closed","template":"","meta":{"footnotes":""},"class_list":["post-941","page","type-page","status-publish","hentry"],"_links":{"self":[{"href":"https:\/\/narcotics-anonymous.de\/ost\/wp-json\/wp\/v2\/pages\/941","targetHints":{"allow":["GET"]}}],"collection":[{"href":"https:\/\/narcotics-anonymous.de\/ost\/wp-json\/wp\/v2\/pages"}],"about":[{"href":"https:\/\/narcotics-anonymous.de\/ost\/wp-json\/wp\/v2\/types\/page"}],"author":[{"embeddable":true,"href":"https:\/\/narcotics-anonymous.de\/ost\/wp-json\/wp\/v2\/users\/132"}],"replies":[{"embeddable":true,"href":"https:\/\/narcotics-anonymous.de\/ost\/wp-json\/wp\/v2\/comments?post=941"}],"version-history":[{"count":29,"href":"https:\/\/narcotics-anonymous.de\/ost\/wp-json\/wp\/v2\/pages\/941\/revisions"}],"predecessor-version":[{"id":1395,"href":"https:\/\/narcotics-anonymous.de\/ost\/wp-json\/wp\/v2\/pages\/941\/revisions\/1395"}],"wp:attachment":[{"href":"https:\/\/narcotics-anonymous.de\/ost\/wp-json\/wp\/v2\/media?parent=941"}],"curies":[{"name":"wp","href":"https:\/\/api.w.org\/{rel}","templated":true}]}}