{"id":9192,"date":"2021-02-18T09:57:20","date_gmt":"2021-02-18T08:57:20","guid":{"rendered":"https:\/\/narcotics-anonymous.de\/mitte\/?page_id=9192"},"modified":"2026-02-07T11:51:22","modified_gmt":"2026-02-07T10:51:22","slug":"krankenhaus-und-einrichtungs-komitee-k-e","status":"publish","type":"page","link":"https:\/\/narcotics-anonymous.de\/mitte\/krankenhaus-und-einrichtungs-komitee-k-e\/","title":{"rendered":"Krhs-@ Einrichtungs-Komitee (K&amp;E)"},"content":{"rendered":"\n<style type=\"text\/css\" data-created_by=\"avia_inline_auto\" id=\"style-css-av-mlc51118-b0470d40ccd58d2fec538e2a09ca0715\">\n.flex_column.av-mlc51118-b0470d40ccd58d2fec538e2a09ca0715{\nborder-width:2px;\nborder-color:#edae44;\nborder-style:solid;\nborder-radius:15px 15px 15px 15px;\npadding:10px 10px 10px 10px;\n}\n<\/style>\n<div  class='flex_column av-mlc51118-b0470d40ccd58d2fec538e2a09ca0715 av_one_full  avia-builder-el-0  el_before_av_one_full  avia-builder-el-first  first flex_column_div  '     ><p>\n<style type=\"text\/css\" data-created_by=\"avia_inline_auto\" id=\"style-css-av-26d9qg-d4cf28a3d48449c5a750cb160479b413\">\n#top .av-special-heading.av-26d9qg-d4cf28a3d48449c5a750cb160479b413{\nmargin:0 0 0 0;\npadding-bottom:0;\ncolor:#2a4372;\nfont-size:24px;\n}\nbody .av-special-heading.av-26d9qg-d4cf28a3d48449c5a750cb160479b413 .av-special-heading-tag .heading-char{\nfont-size:25px;\n}\n#top #wrap_all .av-special-heading.av-26d9qg-d4cf28a3d48449c5a750cb160479b413 .av-special-heading-tag{\nfont-size:24px;\n}\n.av-special-heading.av-26d9qg-d4cf28a3d48449c5a750cb160479b413 .special-heading-inner-border{\nborder-color:#2a4372;\n}\n.av-special-heading.av-26d9qg-d4cf28a3d48449c5a750cb160479b413 .av-subheading{\nfont-size:15px;\n}\n\n@media only screen and (min-width: 768px) and (max-width: 989px){ \n#top #wrap_all .av-special-heading.av-26d9qg-d4cf28a3d48449c5a750cb160479b413 .av-special-heading-tag{\nfont-size:28px;\n}\n.av-special-heading.av-26d9qg-d4cf28a3d48449c5a750cb160479b413 .av-subheading{\nfont-size:20px;\n}\n}\n\n@media only screen and (min-width: 480px) and (max-width: 767px){ \n#top #wrap_all .av-special-heading.av-26d9qg-d4cf28a3d48449c5a750cb160479b413 .av-special-heading-tag{\nfont-size:24px;\n}\n.av-special-heading.av-26d9qg-d4cf28a3d48449c5a750cb160479b413 .av-subheading{\nfont-size:16px;\n}\n}\n\n@media only screen and (max-width: 479px){ \n#top #wrap_all .av-special-heading.av-26d9qg-d4cf28a3d48449c5a750cb160479b413 .av-special-heading-tag{\nfont-size:20px;\n}\n.av-special-heading.av-26d9qg-d4cf28a3d48449c5a750cb160479b413 .av-subheading{\nfont-size:12px;\n}\n}\n<\/style>\n<div  id=\"headline_second_level\"  class='av-special-heading av-26d9qg-d4cf28a3d48449c5a750cb160479b413 av-special-heading-h3 custom-color-heading blockquote modern-quote  avia-builder-el-1  el_before_av_textblock  avia-builder-el-first  av-inherit-size av-linked-heading'><h3 class='av-special-heading-tag '  itemprop=\"headline\"  >Infos zur K&amp;E-Arbeit<\/h3><div class=\"special-heading-border\"><div class=\"special-heading-inner-border\"><\/div><\/div><\/div><br \/>\n\n<style type=\"text\/css\" data-created_by=\"avia_inline_auto\" id=\"style-css-av-3zmfuh-669df94960b23532a4f961a3b78b7126\">\n#top .av_textblock_section.av-3zmfuh-669df94960b23532a4f961a3b78b7126 .avia_textblock{\nfont-size:19px;\n}\n<\/style>\n<section  class='av_textblock_section av-3zmfuh-669df94960b23532a4f961a3b78b7126 '   itemscope=\"itemscope\" itemtype=\"https:\/\/schema.org\/CreativeWork\" ><div class='avia_textblock text-block-level-2'  itemprop=\"text\" ><div id=\"headline_second_level\"><\/div>\n<section class=\"av_textblock_section \">\n<div class=\"avia_textblock \">\n<p><strong>Was ist K&amp;E-Arbeit?<\/strong><br \/>\nKrankenh\u00e4user-und-Einrichtungs Meetings bringen die Botschaft der NA-Genesung zu S\u00fcchtigen, die keinen vollst\u00e4ndigen Zugang zu regul\u00e4ren NA-Meetings haben. Wir tun dies, indem wir den Zuh\u00f6rerInnen einige der Grundlagen des NA-Programms vorstellen.<br \/>\nEin umfassendes Bild \u00fcber den K&amp;E-Dienst gibt das H&amp;I-Handbuch (englisch), das bei NA World Services (NAWS) als Download erh\u00e4ltlich ist <a title=\"Download H&amp;I Handbook\" href=\"https:\/\/www.na.org\/?ID=handbooks-handbook-index\" target=\"_blank\" rel=\"noopener\">\u00bb\u00a0Download H&amp;I Handbuch<\/a>.<\/p>\n<p>Im Unterschied zu NA-Gruppen, die von Gruppendelegierten auf der Gebiets-Service-Konferenz vertreten werden, ist ein K&amp;E-Meeting ein Dienst des K&amp;E-Komitees, das von der Gebiets-Service-Konferenz beauftragt wird. Ein K&amp;E-Meeting steht immer unter der Schirmherrschaft eines K&amp;E-Komitees.<\/p>\n<hr \/>\n<p style=\"text-align: left\"><strong>Allgemeine Erfahrungen und Empfehlungen der K&amp;E-Arbeit<\/strong><\/p>\n<p>Wenn Du an der K&amp;E-Arbeit interessiert bist:<\/p>\n<ul>\n<li>Komm erst einmal ins Infokomitee, um Dich vorzustellen und \u00fcber die K&amp;E-Arbeit zu informieren.<\/li>\n<li>Geh dann erstmal in mehrere Infomeetings mit und h\u00f6re nur zu, um zu erleben, auf was es ankommt.<\/li>\n<\/ul>\n<p>Um fester Teil eines K&amp;E-Teams zu werden bzw. als Sprecher*in in einem Infomeeting eingeladen zu werden, wird empfohlen mindestens sechs Monate Cleanzeit innerhalb von NA mitzubringen. Voraussetzung ist au\u00dferdem ein Verst\u00e4ndnis der Zw\u00f6lf Schritte und Traditionen von Narcotics Anonymous und von NA-Service. Diese Empfehlungen dienen zum Schutz der einzelnen NA-Mitglieder und der Wahrung der Traditionen von Narcotics Anonymous.<\/p>\n<\/div>\n<p><a href=\"https:\/\/narcotics-anonymous.de\/mitte\/download\/k-und-e-workshop-dokument\/\">K&amp;E-Workshop zum Download<\/a><\/p>\n<div class=\"avia_textblock \"><\/div>\n<\/section>\n<\/div><\/section><\/p><\/div>\n\n<style type=\"text\/css\" data-created_by=\"avia_inline_auto\" id=\"style-css-av-mlc54cox-d4584bcbf3b5877b3a40f5856ce102a9\">\n.flex_column.av-mlc54cox-d4584bcbf3b5877b3a40f5856ce102a9{\nborder-width:2px;\nborder-color:#edae44;\nborder-style:solid;\nborder-radius:15px 15px 15px 15px;\npadding:10px 10px 10px 10px;\n}\n<\/style>\n<div  class='flex_column av-mlc54cox-d4584bcbf3b5877b3a40f5856ce102a9 av_one_full  avia-builder-el-3  el_after_av_one_full  avia-builder-el-last  first flex_column_div  column-top-margin'     ><p>\n<style type=\"text\/css\" data-created_by=\"avia_inline_auto\" id=\"style-css-av-31cgc8-8618bbd4e16c7513eca375411b86215c\">\n#top .av-special-heading.av-31cgc8-8618bbd4e16c7513eca375411b86215c{\nmargin:0 0 0 0;\npadding-bottom:0;\ncolor:#2a4372;\nfont-size:24px;\n}\nbody .av-special-heading.av-31cgc8-8618bbd4e16c7513eca375411b86215c .av-special-heading-tag .heading-char{\nfont-size:25px;\n}\n#top #wrap_all .av-special-heading.av-31cgc8-8618bbd4e16c7513eca375411b86215c .av-special-heading-tag{\nfont-size:24px;\n}\n.av-special-heading.av-31cgc8-8618bbd4e16c7513eca375411b86215c .special-heading-inner-border{\nborder-color:#2a4372;\n}\n.av-special-heading.av-31cgc8-8618bbd4e16c7513eca375411b86215c .av-subheading{\nfont-size:15px;\n}\n\n@media only screen and (min-width: 768px) and (max-width: 989px){ \n#top #wrap_all .av-special-heading.av-31cgc8-8618bbd4e16c7513eca375411b86215c .av-special-heading-tag{\nfont-size:28px;\n}\n.av-special-heading.av-31cgc8-8618bbd4e16c7513eca375411b86215c .av-subheading{\nfont-size:20px;\n}\n}\n\n@media only screen and (min-width: 480px) and (max-width: 767px){ \n#top #wrap_all .av-special-heading.av-31cgc8-8618bbd4e16c7513eca375411b86215c .av-special-heading-tag{\nfont-size:24px;\n}\n.av-special-heading.av-31cgc8-8618bbd4e16c7513eca375411b86215c .av-subheading{\nfont-size:16px;\n}\n}\n\n@media only screen and (max-width: 479px){ \n#top #wrap_all .av-special-heading.av-31cgc8-8618bbd4e16c7513eca375411b86215c .av-special-heading-tag{\nfont-size:20px;\n}\n.av-special-heading.av-31cgc8-8618bbd4e16c7513eca375411b86215c .av-subheading{\nfont-size:12px;\n}\n}\n<\/style>\n<div  id=\"headline_second_level\"  class='av-special-heading av-31cgc8-8618bbd4e16c7513eca375411b86215c av-special-heading-h3 custom-color-heading blockquote modern-quote  avia-builder-el-4  el_before_av_textblock  avia-builder-el-first  av-inherit-size av-linked-heading'><h3 class='av-special-heading-tag '  itemprop=\"headline\"  >Aktuelle K&amp;E-Meetings<\/h3><div class=\"special-heading-border\"><div class=\"special-heading-inner-border\"><\/div><\/div><\/div><br \/>\n\n<style type=\"text\/css\" data-created_by=\"avia_inline_auto\" id=\"style-css-av-3zmfuh-1-c0a81d3f59255803977c42e53731b5c6\">\n#top .av_textblock_section.av-3zmfuh-1-c0a81d3f59255803977c42e53731b5c6 .avia_textblock{\nfont-size:19px;\n}\n<\/style>\n<section  class='av_textblock_section av-3zmfuh-1-c0a81d3f59255803977c42e53731b5c6 '   itemscope=\"itemscope\" itemtype=\"https:\/\/schema.org\/CreativeWork\" ><div class='avia_textblock text-block-level-2'  itemprop=\"text\" ><div id=\"headline_second_level\">\n<p><strong>\u00dcbersicht der aktuellen K&amp;E-Meetings<\/strong><br \/>\nWeitere eintr\u00e4ge f\u00fcr die Liste bitte an <a href=\"mailto:ke-chair@na-mitte.de\">ke-chair@na-mitte.de<\/a> senden.<\/p>\n<\/div>\n<\/div><\/section><br \/>\n<div class='avia-data-table-wrap av-3ah9kvc-952f00640c008b15dc5b46c77603e7cf avia_scrollable_table avia-table-1'><table  class='avia-table avia-data-table avia_pricing_minimal  avia-builder-el-6  el_after_av_textblock  avia-builder-el-last '  itemscope=\"itemscope\" itemtype=\"https:\/\/schema.org\/Table\" ><tbody><tr class='avia-heading-row'><th class='avia-desc-col'>Einrichtung<\/th><th class='avia-desc-col'>Ansprechpartner<\/th><th class='avia-desc-col'>Termin<\/th><th class='avia-desc-col'>Gruppe<\/th><\/tr><tr class=''><th class='avia-desc-col'>Betty Ford Klinik, Bad Br\u00fcckenau<\/th><th class='avia-desc-col'>Marion<\/th><th class='avia-desc-col'>Jeden 3. Samstag um 10:00 in Bad Br\u00fcckenau<\/th><th class='avia-desc-col'>&#8220;Klare Augen&#8221; Darmstadt<\/th><\/tr><tr class=''><th class='avia-desc-col'>Fachkrankenhaus Viielbach<\/th><th class='avia-desc-col'>Tobias<\/th><th class='avia-desc-col'><\/th><th class='avia-desc-col'>Rhein-Lahn-Servicekomitee<\/th><\/tr><tr class=''><th class='avia-desc-col'>Helios Dr. Horst Schmidt Kliniken Wiesbaden<\/th><th class='avia-desc-col'>Suleyman<\/th><th class='avia-desc-col'>jeden 2. Freitag im Monat, 19 &#8211; 20 Uhr<\/th><th class='avia-desc-col'>Gruppe Ph\u00f6nix, Mainz<\/th><\/tr><tr class=''><th class='avia-desc-col'>Hofgut Schnepfenhausen (Vitos Klinik)<\/th><th class='avia-desc-col'>Nina<\/th><th class='avia-desc-col'>3. Mittwoch im Monat<\/th><th class='avia-desc-col'>Limburg<\/th><\/tr><tr class=''><th class='avia-desc-col'>Hohe Mark<\/th><th class='avia-desc-col'>Kerstin \/ Maximilian<\/th><th class='avia-desc-col'><\/th><th class='avia-desc-col'>Frankfurt<\/th><\/tr><tr class=''><th class='avia-desc-col'>JVA Eberstadt<\/th><th class='avia-desc-col'><\/th><th class='avia-desc-col'><\/th><th class='avia-desc-col'>&#8220;Klare Augen&#8221; Darmstadt<\/th><\/tr><tr class=''><th class='avia-desc-col'>JVA Schwalmstadt<\/th><th class='avia-desc-col'>Peter<\/th><th class='avia-desc-col'>Mittwochs, 1 x pro Monat, 17:30-19 Uhr<\/th><th class='avia-desc-col'>Marburg, M\u00e4nner der Mitte<\/th><\/tr><tr class=''><th class='avia-desc-col'>Klinik T\u00f6nnisstein, Bad Neuenahr<\/th><th class='avia-desc-col'>Doreen<\/th><th class='avia-desc-col'>1 x pro Monat<\/th><th class='avia-desc-col'>NA Koblenz<\/th><\/tr><tr class=''><th class='avia-desc-col'>Online Infomeeting Kelbra<\/th><th class='avia-desc-col'><\/th><th class='avia-desc-col'><\/th><th class='avia-desc-col'>&#8220;Hier und jetzt&#8221; Kassel<\/th><\/tr><tr class=''><th class='avia-desc-col'>Riedstadt\/Goddelau Entg.Station<\/th><th class='avia-desc-col'>Willi<\/th><th class='avia-desc-col'>Mittwoch 1x im Monat<\/th><th class='avia-desc-col'>&#8220;zANovo&#8221; russischsprachig Darmstadt<\/th><\/tr><tr class=''><th class='avia-desc-col'>Sana Klinikum Offenbach<\/th><th class='avia-desc-col'>Kirsten<\/th><th class='avia-desc-col'>Jeden 3. Freitag im Monat, 19 Uhr<\/th><th class='avia-desc-col'>&#8220;Mut zum Leben&#8221; Offenbach<\/th><\/tr><tr class=''><th class='avia-desc-col'>Waldm\u00fchle, Darmstadt<\/th><th class='avia-desc-col'>Yahya<\/th><th class='avia-desc-col'>Dienstag 1x im Monat<\/th><th class='avia-desc-col'>Frankfurt<\/th><\/tr><tr class=''><th class='avia-desc-col'>Vitos Klinik Gie\u00dfen<\/th><th class='avia-desc-col'>Sabine<\/th><th class='avia-desc-col'>jeden 1. donnerstags im Monat 19.15<\/th><th class='avia-desc-col'>Marburg Freitagsmeeting<\/th><\/tr><\/tbody><\/table><\/div><\/p><\/div>\n","protected":false},"excerpt":{"rendered":"","protected":false},"author":9,"featured_media":0,"parent":0,"menu_order":0,"comment_status":"closed","ping_status":"closed","template":"","meta":{"footnotes":""},"class_list":["post-9192","page","type-page","status-publish","hentry"],"_links":{"self":[{"href":"https:\/\/narcotics-anonymous.de\/mitte\/wp-json\/wp\/v2\/pages\/9192","targetHints":{"allow":["GET"]}}],"collection":[{"href":"https:\/\/narcotics-anonymous.de\/mitte\/wp-json\/wp\/v2\/pages"}],"about":[{"href":"https:\/\/narcotics-anonymous.de\/mitte\/wp-json\/wp\/v2\/types\/page"}],"author":[{"embeddable":true,"href":"https:\/\/narcotics-anonymous.de\/mitte\/wp-json\/wp\/v2\/users\/9"}],"replies":[{"embeddable":true,"href":"https:\/\/narcotics-anonymous.de\/mitte\/wp-json\/wp\/v2\/comments?post=9192"}],"version-history":[{"count":11,"href":"https:\/\/narcotics-anonymous.de\/mitte\/wp-json\/wp\/v2\/pages\/9192\/revisions"}],"predecessor-version":[{"id":11312,"href":"https:\/\/narcotics-anonymous.de\/mitte\/wp-json\/wp\/v2\/pages\/9192\/revisions\/11312"}],"wp:attachment":[{"href":"https:\/\/narcotics-anonymous.de\/mitte\/wp-json\/wp\/v2\/media?parent=9192"}],"curies":[{"name":"wp","href":"https:\/\/api.w.org\/{rel}","templated":true}]}}