{"id":9187,"date":"2021-02-18T09:55:56","date_gmt":"2021-02-18T08:55:56","guid":{"rendered":"https:\/\/narcotics-anonymous.de\/mitte\/?page_id=9187"},"modified":"2021-04-11T18:34:29","modified_gmt":"2021-04-11T16:34:29","slug":"oeffentlichkeitsarbeit-oea","status":"publish","type":"page","link":"https:\/\/narcotics-anonymous.de\/mitte\/oeffentlichkeitsarbeit-oea\/","title":{"rendered":"\u00d6ffentlichkeitsarbeit (\u00d6A)"},"content":{"rendered":"\n<style type=\"text\/css\" data-created_by=\"avia_inline_auto\" id=\"style-css-av-7wu03-ee3fad35ac0a4a2f533ed12930758626\">\n.flex_column.av-7wu03-ee3fad35ac0a4a2f533ed12930758626{\nborder-radius:0px 0px 0px 0px;\npadding:0px 0px 0px 0px;\n}\n<\/style>\n<div  class='flex_column av-7wu03-ee3fad35ac0a4a2f533ed12930758626 av_one_full  avia-builder-el-0  el_before_av_hr  avia-builder-el-first  first flex_column_div av-zero-column-padding  '     ><style type=\"text\/css\" data-created_by=\"avia_inline_auto\" id=\"style-css-av-klm1f0zg-78ce474824772108241ac296c1a4c410\">\n#top .av-special-heading.av-klm1f0zg-78ce474824772108241ac296c1a4c410{\npadding-bottom:10px;\ncolor:#2a4372;\nfont-size:30px;\n}\nbody .av-special-heading.av-klm1f0zg-78ce474824772108241ac296c1a4c410 .av-special-heading-tag .heading-char{\nfont-size:25px;\n}\n#top #wrap_all .av-special-heading.av-klm1f0zg-78ce474824772108241ac296c1a4c410 .av-special-heading-tag{\nfont-size:30px;\n}\n.av-special-heading.av-klm1f0zg-78ce474824772108241ac296c1a4c410 .special-heading-inner-border{\nborder-color:#2a4372;\n}\n.av-special-heading.av-klm1f0zg-78ce474824772108241ac296c1a4c410 .av-subheading{\nfont-size:15px;\n}\n\n@media only screen and (min-width: 480px) and (max-width: 767px){ \n#top #wrap_all .av-special-heading.av-klm1f0zg-78ce474824772108241ac296c1a4c410 .av-special-heading-tag{\nfont-size:0.8em;\n}\n}\n\n@media only screen and (max-width: 479px){ \n#top #wrap_all .av-special-heading.av-klm1f0zg-78ce474824772108241ac296c1a4c410 .av-special-heading-tag{\nfont-size:0.8em;\n}\n}\n<\/style>\n<div  class='av-special-heading av-klm1f0zg-78ce474824772108241ac296c1a4c410 av-special-heading-h3 custom-color-heading blockquote modern-quote  avia-builder-el-1  avia-builder-el-no-sibling  av-inherit-size'><h3 class='av-special-heading-tag '  itemprop=\"headline\"  >\u00d6ffentlichkeits-Arbeits-Komitee (\u00d6A)<\/h3><div class=\"special-heading-border\"><div class=\"special-heading-inner-border\"><\/div><\/div><\/div><\/div>\n\n<style type=\"text\/css\" data-created_by=\"avia_inline_auto\" id=\"style-css-av-klm1ggr8-a0c00a725204661236326418e00a03f3\">\n#top .hr.hr-invisible.av-klm1ggr8-a0c00a725204661236326418e00a03f3{\nheight:50px;\n}\n<\/style>\n<div  class='hr av-klm1ggr8-a0c00a725204661236326418e00a03f3 hr-invisible  avia-builder-el-2  el_after_av_one_full  el_before_av_one_half '><span class='hr-inner '><span class=\"hr-inner-style\"><\/span><\/span><\/div>\n<div class='flex_column_table av-cxdavd-dc26578d205df7dc13f96379cfc0c399 sc-av_one_half av-equal-height-column-flextable'>\n<style type=\"text\/css\" data-created_by=\"avia_inline_auto\" id=\"style-css-av-cxdavd-dc26578d205df7dc13f96379cfc0c399\">\n#top .flex_column_table.av-equal-height-column-flextable.av-cxdavd-dc26578d205df7dc13f96379cfc0c399{\nmargin-top:0px;\nmargin-bottom:0px;\n}\n.flex_column.av-cxdavd-dc26578d205df7dc13f96379cfc0c399{\nborder-width:2px;\nborder-color:#edae44;\nborder-style:solid;\nborder-radius:15px 15px 15px 15px;\npadding:10px 10px 10px 10px;\nbackground-color:#e8e8e8;\n}\n<\/style>\n<div  class='flex_column av-cxdavd-dc26578d205df7dc13f96379cfc0c399 av_one_half  avia-builder-el-3  el_after_av_hr  el_before_av_one_third  first flex_column_table_cell av-equal-height-column av-align-top av-animated-generic left-to-right  '     ><p>\n<style type=\"text\/css\" data-created_by=\"avia_inline_auto\" id=\"style-css-av-3rqlkz-de1d802151f00fc422fc5ef91cafd488\">\n#top .av-special-heading.av-3rqlkz-de1d802151f00fc422fc5ef91cafd488{\npadding-bottom:10px;\ncolor:#2a4372;\nfont-size:19px;\n}\nbody .av-special-heading.av-3rqlkz-de1d802151f00fc422fc5ef91cafd488 .av-special-heading-tag .heading-char{\nfont-size:25px;\n}\n#top #wrap_all .av-special-heading.av-3rqlkz-de1d802151f00fc422fc5ef91cafd488 .av-special-heading-tag{\nfont-size:19px;\n}\n.av-special-heading.av-3rqlkz-de1d802151f00fc422fc5ef91cafd488 .special-heading-inner-border{\nborder-color:#2a4372;\n}\n.av-special-heading.av-3rqlkz-de1d802151f00fc422fc5ef91cafd488 .av-subheading{\nfont-size:15px;\n}\n\n@media only screen and (min-width: 480px) and (max-width: 767px){ \n#top #wrap_all .av-special-heading.av-3rqlkz-de1d802151f00fc422fc5ef91cafd488 .av-special-heading-tag{\nfont-size:0.8em;\n}\n}\n\n@media only screen and (max-width: 479px){ \n#top #wrap_all .av-special-heading.av-3rqlkz-de1d802151f00fc422fc5ef91cafd488 .av-special-heading-tag{\nfont-size:0.8em;\n}\n}\n<\/style>\n<div  class='av-special-heading av-3rqlkz-de1d802151f00fc422fc5ef91cafd488 av-special-heading-h3 custom-color-heading blockquote modern-quote  avia-builder-el-4  el_before_av_textblock  avia-builder-el-first  av-inherit-size'><h3 class='av-special-heading-tag '  itemprop=\"headline\"  >Infos zur \u00d6ffentlichkeits-Arbeit<\/h3><div class=\"special-heading-border\"><div class=\"special-heading-inner-border\"><\/div><\/div><\/div><br \/>\n\n<style type=\"text\/css\" data-created_by=\"avia_inline_auto\" id=\"style-css-av-3zmfuh-04f68de7926eb1b305ae9d5e0c12babb\">\n#top .av_textblock_section.av-3zmfuh-04f68de7926eb1b305ae9d5e0c12babb .avia_textblock{\nfont-size:19px;\n}\n<\/style>\n<section  class='av_textblock_section av-3zmfuh-04f68de7926eb1b305ae9d5e0c12babb '   itemscope=\"itemscope\" itemtype=\"https:\/\/schema.org\/CreativeWork\" ><div class='avia_textblock text-block-level-2'  itemprop=\"text\" ><p><strong>Was ist \u00d6ffentlichkeitsarbeit?<\/strong><\/p>\n<p>\u00d6ffentlichkeitsarbeit bedeutet die \u00d6ffentlichkeit dar\u00fcber zu informieren, dass NA existiert und Genesung von der Krankheit Sucht mittels der Zw\u00f6lf Schritte und Zw\u00f6lf Traditionen von Narcotics Anonymous anbietet.<\/p>\n<p><strong>Einige Arten von \u00d6ffentlichkeitsarbeit sind:<\/strong><\/p>\n<ol>\n<li>Reaktion auf Anfragen nach Sprecher*innen seitens von Institutionen, st\u00e4dtischen Organisationen, Schulen oder Medien.<\/li>\n<li>Pr\u00e4sentationen vor Fachleuten \u00fcber die Angebote von NA, wer wir sind, wie Meetings funktionieren, das Programm etc.<\/li>\n<li>Entwurf und Verbreitung von Plakaten, Handzetteln und anderen Medien, um die \u00d6ffentlichkeit dar\u00fcber zu informieren, wie wir zu erreichen sind.<\/li>\n<li>Ausrichtung von Lerntagen und Workshops.<\/li>\n<li>Versand von Meetingslisten, Informationsbriefen und -plakaten an Personen, die mit S\u00fcchtigen in Kontakt kommen.<\/li>\n<li>Zusammenarbeit mit dem Krankenhaus-und-Einrichtungen-Komitee (K&amp;E-Komitee) und dem Webteam bei sich \u00fcberschneidenden Projekten.<\/li>\n<\/ol>\n<\/div><\/section><\/p><\/div>\n<div class='av-flex-placeholder'><\/div>\n<style type=\"text\/css\" data-created_by=\"avia_inline_auto\" id=\"style-css-av-cxdavd-76e92920c35bab6dbc981c15050ffd61\">\n#top .flex_column_table.av-equal-height-column-flextable.av-cxdavd-76e92920c35bab6dbc981c15050ffd61{\nmargin-top:0px;\nmargin-bottom:0px;\n}\n.flex_column.av-cxdavd-76e92920c35bab6dbc981c15050ffd61{\nborder-width:2px;\nborder-color:#edae44;\nborder-style:solid;\nborder-radius:15px 15px 15px 15px;\npadding:10px 10px 10px 10px;\n}\n<\/style>\n<div  class='flex_column av-cxdavd-76e92920c35bab6dbc981c15050ffd61 av_one_third  avia-builder-el-6  el_after_av_one_half  avia-builder-el-last  flex_column_table_cell av-equal-height-column av-align-top av-animated-generic left-to-right  '     ><p>\n<style type=\"text\/css\" data-created_by=\"avia_inline_auto\" id=\"style-css-av-2wcmkj-bd9f354d2ab5b9a39cc886c80bb5f740\">\n#top .av-special-heading.av-2wcmkj-bd9f354d2ab5b9a39cc886c80bb5f740{\npadding-bottom:10px;\ncolor:#ffffff;\n}\nbody .av-special-heading.av-2wcmkj-bd9f354d2ab5b9a39cc886c80bb5f740 .av-special-heading-tag .heading-char{\nfont-size:25px;\n}\n.av-special-heading.av-2wcmkj-bd9f354d2ab5b9a39cc886c80bb5f740 .special-heading-inner-border{\nborder-color:#ffffff;\n}\n.av-special-heading.av-2wcmkj-bd9f354d2ab5b9a39cc886c80bb5f740 .av-subheading{\nfont-size:15px;\n}\n<\/style>\n<div  class='av-special-heading av-2wcmkj-bd9f354d2ab5b9a39cc886c80bb5f740 av-special-heading-h3 custom-color-heading blockquote modern-quote modern-centered  avia-builder-el-7  el_before_av_textblock  avia-builder-el-first '><h3 class='av-special-heading-tag '  itemprop=\"headline\"  >Was ist Narcotics Anonymous?<\/h3><div class=\"special-heading-border\"><div class=\"special-heading-inner-border\"><\/div><\/div><\/div><br \/>\n\n<style type=\"text\/css\" data-created_by=\"avia_inline_auto\" id=\"style-css-av-3zmfuh-04f68de7926eb1b305ae9d5e0c12babb\">\n#top .av_textblock_section.av-3zmfuh-04f68de7926eb1b305ae9d5e0c12babb .avia_textblock{\nfont-size:19px;\n}\n<\/style>\n<section  class='av_textblock_section av-3zmfuh-04f68de7926eb1b305ae9d5e0c12babb '   itemscope=\"itemscope\" itemtype=\"https:\/\/schema.org\/CreativeWork\" ><div class='avia_textblock text-block-level-2'  itemprop=\"text\" ><p><strong>\u00d6ffentlichkeitsarbeit und das NA-Mitglied:<\/strong><\/p>\n<p>Mit Anfragen von Medien, nach Sprecher*innen, allgemeinen Informationen, Literatur etc., die von au\u00dferhalb der Gemeinschaft kommen, sollte ein NA-Mitglied auf folgende Art umgehen:<\/p>\n<p>Gib diese Anfrage an das <strong><a href=\"mailto:oea@na-mitte.de\">\u00d6A-Komitee<\/a> <\/strong>weiter, damit es sich der Sache annehmen kann.<\/p>\n<p>Die<em> Chairperson jedes Meetings<\/em>,<br \/>\nbzw. die <em>Gruppendelegierten<\/em> sollten immer die E-Mailadresse<strong> oea@na-mitte.de<\/strong> des Komitees zur Hand haben.<br \/>\n<strong><br \/>\nF\u00fcr die telefonische Kontaktaufnahme k\u00f6nnt Ihr<br \/>\nauf die Hotline verweisen: 0800 445 3362.<\/strong><\/p>\n<\/div><\/section><\/p><\/div><\/div><!--close column table wrapper. Autoclose: 1 -->\n","protected":false},"excerpt":{"rendered":"","protected":false},"author":9,"featured_media":0,"parent":0,"menu_order":0,"comment_status":"closed","ping_status":"closed","template":"","meta":{"footnotes":""},"class_list":["post-9187","page","type-page","status-publish","hentry"],"_links":{"self":[{"href":"https:\/\/narcotics-anonymous.de\/mitte\/wp-json\/wp\/v2\/pages\/9187","targetHints":{"allow":["GET"]}}],"collection":[{"href":"https:\/\/narcotics-anonymous.de\/mitte\/wp-json\/wp\/v2\/pages"}],"about":[{"href":"https:\/\/narcotics-anonymous.de\/mitte\/wp-json\/wp\/v2\/types\/page"}],"author":[{"embeddable":true,"href":"https:\/\/narcotics-anonymous.de\/mitte\/wp-json\/wp\/v2\/users\/9"}],"replies":[{"embeddable":true,"href":"https:\/\/narcotics-anonymous.de\/mitte\/wp-json\/wp\/v2\/comments?post=9187"}],"version-history":[{"count":1,"href":"https:\/\/narcotics-anonymous.de\/mitte\/wp-json\/wp\/v2\/pages\/9187\/revisions"}],"predecessor-version":[{"id":11692,"href":"https:\/\/narcotics-anonymous.de\/mitte\/wp-json\/wp\/v2\/pages\/9187\/revisions\/11692"}],"wp:attachment":[{"href":"https:\/\/narcotics-anonymous.de\/mitte\/wp-json\/wp\/v2\/media?parent=9187"}],"curies":[{"name":"wp","href":"https:\/\/api.w.org\/{rel}","templated":true}]}}